{"id":249,"date":"2024-04-29T15:15:56","date_gmt":"2024-04-29T15:15:56","guid":{"rendered":"https:\/\/tijuca.fr\/?page_id=249"},"modified":"2024-06-24T07:11:03","modified_gmt":"2024-06-24T07:11:03","slug":"mata-atlantica-cocktail","status":"publish","type":"page","link":"https:\/\/tijuca.fr\/en\/mata-atlantica-cocktail\/","title":{"rendered":"MATA ATLANTICA \u2013 COCKTAIL"},"content":{"rendered":"<p>[et_pb_section fb_built=\u00a0\u00bb1&Prime; fullwidth=\u00a0\u00bbon\u00a0\u00bb _builder_version=\u00a0\u00bb4.16&Prime; _module_preset=\u00a0\u00bbdefault\u00a0\u00bb global_colors_info=\u00a0\u00bb{}\u00a0\u00bb][et_pb_fullwidth_header header_scroll_down=\u00a0\u00bbon\u00a0\u00bb scroll_down_icon=\u00a0\u00bb%%1%%\u00a0\u00bb _builder_version=\u00a0\u00bb4.25.2&Prime; _module_preset=\u00a0\u00bbdefault\u00a0\u00bb background_color=\u00a0\u00bbRGBA(255,255,255,0)\u00a0\u00bb use_background_color_gradient=\u00a0\u00bbon\u00a0\u00bb background_color_gradient_stops=\u00a0\u00bb#000000 2%|#ffffff 23%|#ffffff 82%|#000000 100%\u00a0\u00bb background_image=\u00a0\u00bbhttps:\/\/tijuca.fr\/wp-content\/uploads\/2024\/05\/MATA-ATLANTICA-\u2013-COCKTAIL-bis.jpg\u00a0\u00bb background_blend=\u00a0\u00bbmultiply\u00a0\u00bb hover_enabled=\u00a0\u00bb0&Prime; locked=\u00a0\u00bboff\u00a0\u00bb global_colors_info=\u00a0\u00bb{}\u00a0\u00bb custom_padding=\u00a0\u00bb260px||260px||true|false\u00a0\u00bb sticky_enabled=\u00a0\u00bb0&Prime;][\/et_pb_fullwidth_header][\/et_pb_section][et_pb_section fb_built=\u00a0\u00bb1&Prime; _builder_version=\u00a0\u00bb4.25.0&Prime; _module_preset=\u00a0\u00bbdefault\u00a0\u00bb background_color=\u00a0\u00bb#000000&Prime; global_colors_info=\u00a0\u00bb{}\u00a0\u00bb][et_pb_row _builder_version=\u00a0\u00bb4.25.0&Prime; _module_preset=\u00a0\u00bbdefault\u00a0\u00bb locked=\u00a0\u00bboff\u00a0\u00bb global_colors_info=\u00a0\u00bb{}\u00a0\u00bb][et_pb_column type=\u00a0\u00bb4_4&Prime; _builder_version=\u00a0\u00bb4.25.0&Prime; _module_preset=\u00a0\u00bbdefault\u00a0\u00bb global_colors_info=\u00a0\u00bb{}\u00a0\u00bb][et_pb_text _builder_version=\u00a0\u00bb4.25.0&Prime; _module_preset=\u00a0\u00bbdefault\u00a0\u00bb header_font=\u00a0\u00bbMarcellus|||on|||||\u00a0\u00bb header_text_align=\u00a0\u00bbcenter\u00a0\u00bb header_font_size=\u00a0\u00bb40px\u00a0\u00bb custom_margin=\u00a0\u00bb0px||0px||true|false\u00a0\u00bb custom_padding=\u00a0\u00bb0px||0px||true|false\u00a0\u00bb locked=\u00a0\u00bboff\u00a0\u00bb global_colors_info=\u00a0\u00bb{}\u00a0\u00bb]<\/p>\n<h1 class=\"cocktail__title text-3xl w-full text-center border-b border-white border-dotted pb-4 my-0 sm:text-5xl lg:w-7\/12 lg:border-none lg:pb-0 lg:text-left lg:pr-2\"><span class=\"letter opacity-0\" aria-hidden=\"true\">M<\/span><span class=\"letter opacity-0\" aria-hidden=\"true\">A<\/span><span class=\"letter opacity-0\" aria-hidden=\"true\">T<\/span><span class=\"letter opacity-0\" aria-hidden=\"true\">A<\/span><span>\u00a0<\/span><span class=\"letter opacity-0\" aria-hidden=\"true\">A<\/span><span class=\"letter opacity-0\" aria-hidden=\"true\">T<\/span><span class=\"letter opacity-0\" aria-hidden=\"true\">L<\/span><span class=\"letter opacity-0\" aria-hidden=\"true\">A<\/span><span class=\"letter opacity-0\" aria-hidden=\"true\">N<\/span><span class=\"letter opacity-0\" aria-hidden=\"true\">T<\/span><span class=\"letter opacity-0\" aria-hidden=\"true\">I<\/span><span class=\"letter opacity-0\" aria-hidden=\"true\">C<\/span><span class=\"letter opacity-0\" aria-hidden=\"true\">A<\/span><span>\u00a0<\/span><span class=\"letter opacity-0\" aria-hidden=\"true\">&#8211;<\/span><span>\u00a0<\/span><span class=\"letter opacity-0\" aria-hidden=\"true\">C<\/span><span class=\"letter opacity-0\" aria-hidden=\"true\">O<\/span><span class=\"letter opacity-0\" aria-hidden=\"true\">C<\/span><span class=\"letter opacity-0\" aria-hidden=\"true\">K<\/span><span class=\"letter opacity-0\" aria-hidden=\"true\">T<\/span><span class=\"letter opacity-0\" aria-hidden=\"true\">A<\/span><span class=\"letter opacity-0\" aria-hidden=\"true\">I<\/span><span class=\"letter opacity-0\" aria-hidden=\"true\">L<\/span><\/h1>\n<p>[\/et_pb_text][et_pb_image src=\u00a0\u00bbhttps:\/\/tijuca.fr\/wp-content\/uploads\/2024\/04\/separateur.png\u00a0\u00bb title_text=\u00a0\u00bbse\u0301parateur\u00a0\u00bb _builder_version=\u00a0\u00bb4.25.0&Prime; _module_preset=\u00a0\u00bbdefault\u00a0\u00bb width=\u00a0\u00bb14%\u00a0\u00bb width_tablet=\u00a0\u00bb30%\u00a0\u00bb width_phone=\u00a0\u00bb40%\u00a0\u00bb width_last_edited=\u00a0\u00bbon|tablet\u00a0\u00bb module_alignment=\u00a0\u00bbcenter\u00a0\u00bb custom_margin=\u00a0\u00bb0px||0px||true|false\u00a0\u00bb custom_padding=\u00a0\u00bb0px||0px||true|false\u00a0\u00bb global_colors_info=\u00a0\u00bb{}\u00a0\u00bb][\/et_pb_image][et_pb_text _builder_version=\u00a0\u00bb4.25.0&Prime; _module_preset=\u00a0\u00bbdefault\u00a0\u00bb text_text_color=\u00a0\u00bb#FFFFFF\u00a0\u00bb text_orientation=\u00a0\u00bbcenter\u00a0\u00bb width=\u00a0\u00bb60%\u00a0\u00bb width_tablet=\u00a0\u00bb60%\u00a0\u00bb width_phone=\u00a0\u00bb100%\u00a0\u00bb width_last_edited=\u00a0\u00bbon|phone\u00a0\u00bb module_alignment=\u00a0\u00bbcenter\u00a0\u00bb custom_padding=\u00a0\u00bb10px||||false|false\u00a0\u00bb global_colors_info=\u00a0\u00bb{}\u00a0\u00bb]<\/p>\n<div class=\"opacity-0\">\n<div class=\"opacity-0\">\n<p><em>Des saveurs typiquement br\u00e9siliennes pour ce cocktail fruit\u00e9 \u00e0 d\u00e9guster en ap\u00e9ritif ou en soir\u00e9e<\/em><\/p>\n<\/div>\n<div>\n<blockquote class=\"border-2 shadow bg-green-base border-green-base p-3 rounded mt-8 opacity-0\"><\/blockquote>\n<\/div>\n<\/div>\n<p>[\/et_pb_text][\/et_pb_column][\/et_pb_row][et_pb_row column_structure=\u00a0\u00bb1_3,2_3&Prime; use_custom_gutter=\u00a0\u00bbon\u00a0\u00bb gutter_width=\u00a0\u00bb2&Prime; _builder_version=\u00a0\u00bb4.25.0&Prime; _module_preset=\u00a0\u00bbdefault\u00a0\u00bb border_color_right=\u00a0\u00bb#B78945&Prime; global_colors_info=\u00a0\u00bb{}\u00a0\u00bb][et_pb_column type=\u00a0\u00bb1_3&Prime; _builder_version=\u00a0\u00bb4.25.0&Prime; _module_preset=\u00a0\u00bbdefault\u00a0\u00bb custom_padding=\u00a0\u00bb||46px||false|false\u00a0\u00bb border_width_right=\u00a0\u00bb2px\u00a0\u00bb border_color_right=\u00a0\u00bb#B78945&Prime; border_width_right_tablet=\u00a0\u00bb0px\u00a0\u00bb border_width_right_phone=\u00a0\u00bb0px\u00a0\u00bb border_width_right_last_edited=\u00a0\u00bbon|tablet\u00a0\u00bb global_colors_info=\u00a0\u00bb{}\u00a0\u00bb][et_pb_text _builder_version=\u00a0\u00bb4.25.0&Prime; _module_preset=\u00a0\u00bbdefault\u00a0\u00bb header_font=\u00a0\u00bbMarcellus|||on|||||\u00a0\u00bb header_text_align=\u00a0\u00bbcenter\u00a0\u00bb header_font_size=\u00a0\u00bb40px\u00a0\u00bb custom_margin=\u00a0\u00bb0px||0px||true|false\u00a0\u00bb custom_padding=\u00a0\u00bb0px||0px||true|false\u00a0\u00bb locked=\u00a0\u00bboff\u00a0\u00bb global_colors_info=\u00a0\u00bb{}\u00a0\u00bb]<\/p>\n<h3 class=\"pr-10 sm:pr-24 xl:pr-28\">INGR\u00c9DIENTS<\/h3>\n<p>[\/et_pb_text][et_pb_text _builder_version=\u00a0\u00bb4.25.0&Prime; _module_preset=\u00a0\u00bbdefault\u00a0\u00bb text_text_color=\u00a0\u00bb#FFFFFF\u00a0\u00bb custom_padding=\u00a0\u00bb|30px|||false|false\u00a0\u00bb global_colors_info=\u00a0\u00bb{}\u00a0\u00bb]<\/p>\n<ul>\n<li class=\"pb-2\"><span>4 cl de TIJUCA BBR<\/span><\/li>\n<li class=\"pb-2\"><span>1cl de sirop de cajou<\/span><\/li>\n<li class=\"pb-2\"><span>2cl de sirop de falernum<\/span><\/li>\n<li class=\"pb-2\"><span class=\"inline-block ml-1\"><span>5cl de jus de goyave<\/span><\/span><\/li>\n<\/ul>\n<p>[\/et_pb_text][et_pb_button button_url=\u00a0\u00bb@ET-DC@eyJkeW5hbWljIjp0cnVlLCJjb250ZW50IjoicG9zdF9saW5rX3VybF9wcm9kdWN0Iiwic2V0dGluZ3MiOnsicG9zdF9pZCI6IjgwIn19@\u00a0\u00bb button_text=\u00a0\u00bbACHETER TIJUCA BBR\u00a0\u00bb button_alignment=\u00a0\u00bbleft\u00a0\u00bb _builder_version=\u00a0\u00bb4.25.0&Prime; _dynamic_attributes=\u00a0\u00bbbutton_url\u00a0\u00bb _module_preset=\u00a0\u00bbdefault\u00a0\u00bb custom_button=\u00a0\u00bbon\u00a0\u00bb button_text_color=\u00a0\u00bb#FFFFFF\u00a0\u00bb button_bg_color=\u00a0\u00bb#B78945&Prime; button_border_width=\u00a0\u00bb0px\u00a0\u00bb button_border_radius=\u00a0\u00bb0px\u00a0\u00bb global_colors_info=\u00a0\u00bb{}\u00a0\u00bb][\/et_pb_button][\/et_pb_column][et_pb_column type=\u00a0\u00bb2_3&Prime; _builder_version=\u00a0\u00bb4.25.0&Prime; _module_preset=\u00a0\u00bbdefault\u00a0\u00bb global_colors_info=\u00a0\u00bb{}\u00a0\u00bb][et_pb_text _builder_version=\u00a0\u00bb4.25.0&Prime; _module_preset=\u00a0\u00bbdefault\u00a0\u00bb header_font=\u00a0\u00bbMarcellus|||on|||||\u00a0\u00bb header_text_align=\u00a0\u00bbcenter\u00a0\u00bb header_font_size=\u00a0\u00bb40px\u00a0\u00bb custom_margin=\u00a0\u00bb0px||0px||true|false\u00a0\u00bb custom_padding=\u00a0\u00bb0px||0px||true|false\u00a0\u00bb locked=\u00a0\u00bboff\u00a0\u00bb global_colors_info=\u00a0\u00bb{}\u00a0\u00bb]<\/p>\n<h3 class=\"pr-10 sm:pr-24 xl:pr-28\">INGR\u00c9DIENTS<\/h3>\n<p>[\/et_pb_text][et_pb_text _builder_version=\u00a0\u00bb4.25.0&Prime; _module_preset=\u00a0\u00bbdefault\u00a0\u00bb text_text_color=\u00a0\u00bb#FFFFFF\u00a0\u00bb global_colors_info=\u00a0\u00bb{}\u00a0\u00bb]<\/p>\n<p><span class=\"text-gold font-bold text-lg px-1\">1.<span>Placez quelques gla\u00e7ons dans un shaker<\/span><\/span><\/p>\n<p><span class=\"text-gold font-bold text-lg px-1\">2.<span>Ajoutez tous les ingr\u00e9dients<\/span><\/span><\/p>\n<p><span class=\"text-gold font-bold text-lg px-1\">3.<span>Secouez \u00e9nergiquement<\/span><\/span><\/p>\n<p><span class=\"text-gold font-bold text-lg px-1\">4.<span>Versez sur glace dans un grand verre<\/span><\/span><\/p>\n<p><span class=\"text-gold font-bold text-lg px-1\">5.<span>D\u00e9corez d&rsquo;une feuille de bananier<\/span><\/span><\/p>\n<p><span class=\"text-gold font-bold text-lg px-1\">6.<span>Buvez avec mod\u00e9ration et appr\u00e9ciez<\/span><\/span><\/p>\n<p><span class=\"px-1\"><span class=\"text-gold font-bold text-lg px-1\"><span><\/span><\/span><\/span><\/p>\n<ul class=\"preparation__list\"><\/ul>\n<p>[\/et_pb_text][\/et_pb_column][\/et_pb_row][et_pb_row _builder_version=\u00a0\u00bb4.25.0&Prime; _module_preset=\u00a0\u00bbdefault\u00a0\u00bb background_color=\u00a0\u00bb#B78945&Prime; global_colors_info=\u00a0\u00bb{}\u00a0\u00bb][et_pb_column type=\u00a0\u00bb4_4&Prime; _builder_version=\u00a0\u00bb4.25.0&Prime; _module_preset=\u00a0\u00bbdefault\u00a0\u00bb global_colors_info=\u00a0\u00bb{}\u00a0\u00bb][et_pb_text _builder_version=\u00a0\u00bb4.25.0&Prime; _module_preset=\u00a0\u00bbdefault\u00a0\u00bb text_font=\u00a0\u00bb||on||||||\u00a0\u00bb text_text_color=\u00a0\u00bb#FFFFFF\u00a0\u00bb text_orientation=\u00a0\u00bbcenter\u00a0\u00bb custom_padding=\u00a0\u00bb|30px||30px|false|true\u00a0\u00bb global_colors_info=\u00a0\u00bb{}\u00a0\u00bb]<\/p>\n<p><span class=\"block font-bold\">Le secret de Jeremy * :<br \/><\/span><span>Vous pouvez aussi faire griller les amandes et les clous de girofle pour obtenir une richesse ar\u00f4matique plus complexe du sirop de falernum<\/span><\/p>\n<p>[\/et_pb_text][\/et_pb_column][\/et_pb_row][et_pb_row _builder_version=\u00a0\u00bb4.25.0&Prime; _module_preset=\u00a0\u00bbdefault\u00a0\u00bb global_colors_info=\u00a0\u00bb{}\u00a0\u00bb][et_pb_column type=\u00a0\u00bb4_4&Prime; _builder_version=\u00a0\u00bb4.25.0&Prime; _module_preset=\u00a0\u00bbdefault\u00a0\u00bb global_colors_info=\u00a0\u00bb{}\u00a0\u00bb][et_pb_text _builder_version=\u00a0\u00bb4.25.0&Prime; _module_preset=\u00a0\u00bbdefault\u00a0\u00bb text_text_color=\u00a0\u00bb#FFFFFF\u00a0\u00bb text_orientation=\u00a0\u00bbcenter\u00a0\u00bb global_colors_info=\u00a0\u00bb{}\u00a0\u00bb]<span>* Jeremy Benettayeb cultive l\u2019art de la mixologie au Bel Ami, h\u00f4tel 5*situ\u00e9 au c\u0153ur du Quartier Latin \u00e0 Paris,dont il est le chef barman.<br \/>\nEn savoir plus<\/span>[\/et_pb_text][et_pb_button button_url=\u00a0\u00bb@ET-DC@eyJkeW5hbWljIjp0cnVlLCJjb250ZW50IjoicG9zdF9saW5rX3VybF9wYWdlIiwic2V0dGluZ3MiOnsicG9zdF9pZCI6IjI4In19@\u00a0\u00bb button_text=\u00a0\u00bbVoir tous les Cocktails\u00a0\u00bb button_alignment=\u00a0\u00bbcenter\u00a0\u00bb _builder_version=\u00a0\u00bb4.25.0&Prime; _dynamic_attributes=\u00a0\u00bbbutton_url\u00a0\u00bb _module_preset=\u00a0\u00bbdefault\u00a0\u00bb custom_button=\u00a0\u00bbon\u00a0\u00bb button_border_width=\u00a0\u00bb2px\u00a0\u00bb button_border_radius=\u00a0\u00bb0px\u00a0\u00bb global_colors_info=\u00a0\u00bb{}\u00a0\u00bb][\/et_pb_button][\/et_pb_column][\/et_pb_row][\/et_pb_section]<\/p>\n","protected":false},"excerpt":{"rendered":"<p>MATA\u00a0ATLANTICA\u00a0&#8211;\u00a0COCKTAIL Des saveurs typiquement br\u00e9siliennes pour ce cocktail fruit\u00e9 \u00e0 d\u00e9guster en ap\u00e9ritif ou en soir\u00e9e INGR\u00c9DIENTS 4 cl de TIJUCA BBR 1cl de sirop de cajou 2cl de sirop de falernum 5cl de jus de goyave INGR\u00c9DIENTS1.Placez quelques gla\u00e7ons dans un shaker 2.Ajoutez tous les ingr\u00e9dients 3.Secouez \u00e9nergiquement 4.Versez sur glace dans un grand [&hellip;]<\/p>\n","protected":false},"author":1,"featured_media":0,"parent":0,"menu_order":0,"comment_status":"closed","ping_status":"closed","template":"","meta":{"_et_pb_use_builder":"on","_et_pb_old_content":"<!-- wp:divi\/placeholder \/-->","_et_gb_content_width":"","footnotes":""},"class_list":["post-249","page","type-page","status-publish","hentry"],"_links":{"self":[{"href":"https:\/\/tijuca.fr\/en\/wp-json\/wp\/v2\/pages\/249","targetHints":{"allow":["GET"]}}],"collection":[{"href":"https:\/\/tijuca.fr\/en\/wp-json\/wp\/v2\/pages"}],"about":[{"href":"https:\/\/tijuca.fr\/en\/wp-json\/wp\/v2\/types\/page"}],"author":[{"embeddable":true,"href":"https:\/\/tijuca.fr\/en\/wp-json\/wp\/v2\/users\/1"}],"replies":[{"embeddable":true,"href":"https:\/\/tijuca.fr\/en\/wp-json\/wp\/v2\/comments?post=249"}],"version-history":[{"count":7,"href":"https:\/\/tijuca.fr\/en\/wp-json\/wp\/v2\/pages\/249\/revisions"}],"predecessor-version":[{"id":1475,"href":"https:\/\/tijuca.fr\/en\/wp-json\/wp\/v2\/pages\/249\/revisions\/1475"}],"wp:attachment":[{"href":"https:\/\/tijuca.fr\/en\/wp-json\/wp\/v2\/media?parent=249"}],"curies":[{"name":"wp","href":"https:\/\/api.w.org\/{rel}","templated":true}]}}