{"id":358,"date":"2024-05-29T13:18:59","date_gmt":"2024-05-29T13:18:59","guid":{"rendered":"https:\/\/tijuca.fr\/?page_id=358"},"modified":"2024-10-31T13:59:54","modified_gmt":"2024-10-31T13:59:54","slug":"tijuca-single-organic-cachaca-nature-at-its-very-best","status":"publish","type":"page","link":"https:\/\/tijuca.fr\/en\/tijuca-single-organic-cachaca-nature-at-its-very-best\/","title":{"rendered":"TIJUCA\u00a0SINGLE\u00a0ORGANIC\u00a0CACHA\u00c7A\u00a0:\u00a0NATURELLE\u00a0PAR\u00a0EXCELLENCE"},"content":{"rendered":"<p>[et_pb_section fb_built=\u00a0\u00bb1&Prime; _builder_version=\u00a0\u00bb4.25.2&Prime; _module_preset=\u00a0\u00bbdefault\u00a0\u00bb background_enable_color=\u00a0\u00bboff\u00a0\u00bb use_background_color_gradient=\u00a0\u00bbon\u00a0\u00bb background_color_gradient_stops=\u00a0\u00bb#0a0202 0%|#ffffff 55%|#0a0a0a 100%\u00a0\u00bb background_image=\u00a0\u00bbhttps:\/\/tijuca.fr\/wp-content\/uploads\/2024\/05\/AUTRE.jpg\u00a0\u00bb background_position=\u00a0\u00bbtop_right\u00a0\u00bb background_blend=\u00a0\u00bbmultiply\u00a0\u00bb width=\u00a0\u00bb100%\u00a0\u00bb max_width=\u00a0\u00bb100%\u00a0\u00bb min_height=\u00a0\u00bb304px\u00a0\u00bb height=\u00a0\u00bb100px\u00a0\u00bb custom_padding=\u00a0\u00bb140px||90px||false|false\u00a0\u00bb bottom_divider_flip=\u00a0\u00bbhorizontal\u00a0\u00bb locked=\u00a0\u00bboff\u00a0\u00bb global_colors_info=\u00a0\u00bb{}\u00a0\u00bb][et_pb_row _builder_version=\u00a0\u00bb4.25.0&Prime; _module_preset=\u00a0\u00bbdefault\u00a0\u00bb global_colors_info=\u00a0\u00bb{}\u00a0\u00bb][et_pb_column type=\u00a0\u00bb4_4&Prime; _builder_version=\u00a0\u00bb4.25.0&Prime; _module_preset=\u00a0\u00bbdefault\u00a0\u00bb global_colors_info=\u00a0\u00bb{}\u00a0\u00bb][et_pb_text _builder_version=\u00a0\u00bb4.25.2&Prime; _module_preset=\u00a0\u00bbdefault\u00a0\u00bb text_font=\u00a0\u00bb|800|||||||\u00a0\u00bb text_text_color=\u00a0\u00bb#FFFFFF\u00a0\u00bb text_font_size=\u00a0\u00bb16px\u00a0\u00bb text_orientation=\u00a0\u00bbcenter\u00a0\u00bb custom_margin=\u00a0\u00bb0px||0px||true|false\u00a0\u00bb custom_padding=\u00a0\u00bb0px||0px||true|false\u00a0\u00bb global_colors_info=\u00a0\u00bb{}\u00a0\u00bb][\/et_pb_text][\/et_pb_column][\/et_pb_row][\/et_pb_section][et_pb_section fb_built=\u00a0\u00bb1&Prime; _builder_version=\u00a0\u00bb4.16&Prime; _module_preset=\u00a0\u00bbdefault\u00a0\u00bb background_color=\u00a0\u00bb#000000&Prime; custom_padding=\u00a0\u00bb0px||||false|false\u00a0\u00bb global_colors_info=\u00a0\u00bb{}\u00a0\u00bb][et_pb_row _builder_version=\u00a0\u00bb4.25.0&Prime; _module_preset=\u00a0\u00bbdefault\u00a0\u00bb animation_style=\u00a0\u00bbfade\u00a0\u00bb global_colors_info=\u00a0\u00bb{}\u00a0\u00bb][et_pb_column type=\u00a0\u00bb4_4&Prime; _builder_version=\u00a0\u00bb4.16&Prime; _module_preset=\u00a0\u00bbdefault\u00a0\u00bb global_colors_info=\u00a0\u00bb{}\u00a0\u00bb][et_pb_text content_tablet=\u00a0\u00bb<\/p>\n<h1 class=%22history__title text-center mx-auto text-3xl sm:text-5xl mb-8%22><span class=%22letter opacity-0%22 aria-hidden=%22true%22>T<\/span><span class=%22letter opacity-0%22 aria-hidden=%22true%22>I<\/span><span class=%22letter opacity-0%22 aria-hidden=%22true%22>J<\/span><span class=%22letter opacity-0%22 aria-hidden=%22true%22>U<\/span><span class=%22letter opacity-0%22 aria-hidden=%22true%22>C<\/span><span class=%22letter opacity-0%22 aria-hidden=%22true%22>A<\/span><span> <\/span><span class=%22letter opacity-0%22 aria-hidden=%22true%22>S<\/span><span class=%22letter opacity-0%22 aria-hidden=%22true%22>I<\/span><span class=%22letter opacity-0%22 aria-hidden=%22true%22>N<\/span><span class=%22letter opacity-0%22 aria-hidden=%22true%22>G<\/span><span class=%22letter opacity-0%22 aria-hidden=%22true%22>L<\/span><span class=%22letter opacity-0%22 aria-hidden=%22true%22>E<\/span><span> <\/span><span class=%22letter opacity-0%22 aria-hidden=%22true%22>O<\/span><span class=%22letter opacity-0%22 aria-hidden=%22true%22>R<\/span><span class=%22letter opacity-0%22 aria-hidden=%22true%22>G<\/span><span class=%22letter opacity-0%22 aria-hidden=%22true%22>A<\/span><span class=%22letter opacity-0%22 aria-hidden=%22true%22>N<\/span><span class=%22letter opacity-0%22 aria-hidden=%22true%22>I<\/span><span class=%22letter opacity-0%22 aria-hidden=%22true%22>C<\/span><span> <\/span><\/h1>\n<h1 class=%22history__title text-center mx-auto text-3xl sm:text-5xl mb-8%22><span class=%22letter opacity-0%22 aria-hidden=%22true%22>C<\/span><span class=%22letter opacity-0%22 aria-hidden=%22true%22>A<\/span><span class=%22letter opacity-0%22 aria-hidden=%22true%22>C<\/span><span class=%22letter opacity-0%22 aria-hidden=%22true%22>H<\/span><span class=%22letter opacity-0%22 aria-hidden=%22true%22>A<\/span><span class=%22letter opacity-0%22 aria-hidden=%22true%22>\u00c7<\/span><span class=%22letter opacity-0%22 aria-hidden=%22true%22>A<\/span><span> <\/span><span class=%22letter opacity-0%22 aria-hidden=%22true%22>:<\/span><span> <\/span><\/h1>\n<h1 class=%22history__title text-center mx-auto text-3xl sm:text-5xl mb-8%22><span class=%22letter opacity-0%22 aria-hidden=%22true%22>N<\/span><span class=%22letter opacity-0%22 aria-hidden=%22true%22>A<\/span><span class=%22letter opacity-0%22 aria-hidden=%22true%22>T<\/span><span class=%22letter opacity-0%22 aria-hidden=%22true%22>U<\/span><span class=%22letter opacity-0%22 aria-hidden=%22true%22>R<\/span><span class=%22letter opacity-0%22 aria-hidden=%22true%22>E<\/span><span class=%22letter opacity-0%22 aria-hidden=%22true%22>L<\/span><span class=%22letter opacity-0%22 aria-hidden=%22true%22>L<\/span><span class=%22letter opacity-0%22 aria-hidden=%22true%22>E<\/span><span> <\/span><span class=%22letter opacity-0%22 aria-hidden=%22true%22>P<\/span><span class=%22letter opacity-0%22 aria-hidden=%22true%22>A<\/span><span class=%22letter opacity-0%22 aria-hidden=%22true%22>R<\/span><span> <\/span><span class=%22letter opacity-0%22 aria-hidden=%22true%22>E<\/span><span class=%22letter opacity-0%22 aria-hidden=%22true%22>X<\/span><span class=%22letter opacity-0%22 aria-hidden=%22true%22>C<\/span><span class=%22letter opacity-0%22 aria-hidden=%22true%22>E<\/span><span class=%22letter opacity-0%22 aria-hidden=%22true%22>L<\/span><span class=%22letter opacity-0%22 aria-hidden=%22true%22>L<\/span><span class=%22letter opacity-0%22 aria-hidden=%22true%22>E<\/span><span class=%22letter opacity-0%22 aria-hidden=%22true%22>N<\/span><span class=%22letter opacity-0%22 aria-hidden=%22true%22>C<\/span><span class=%22letter opacity-0%22 aria-hidden=%22true%22>E<\/span><\/h1>\n<p>\u00a0\u00bb content_phone=\u00a0\u00bb<\/p>\n<h1 class=%22history__title text-center mx-auto text-3xl sm:text-5xl mb-8%22><span class=%22letter opacity-0%22 aria-hidden=%22true%22>T<\/span><span class=%22letter opacity-0%22 aria-hidden=%22true%22>I<\/span><span class=%22letter opacity-0%22 aria-hidden=%22true%22>J<\/span><span class=%22letter opacity-0%22 aria-hidden=%22true%22>U<\/span><span class=%22letter opacity-0%22 aria-hidden=%22true%22>C<\/span><span class=%22letter opacity-0%22 aria-hidden=%22true%22>A<\/span><span> <\/span><span class=%22letter opacity-0%22 aria-hidden=%22true%22>S<\/span><span class=%22letter opacity-0%22 aria-hidden=%22true%22>I<\/span><span class=%22letter opacity-0%22 aria-hidden=%22true%22>N<\/span><span class=%22letter opacity-0%22 aria-hidden=%22true%22>G<\/span><span class=%22letter opacity-0%22 aria-hidden=%22true%22>L<\/span><span class=%22letter opacity-0%22 aria-hidden=%22true%22>E<\/span><span> <\/span><\/h1>\n<h1 class=%22history__title text-center mx-auto text-3xl sm:text-5xl mb-8%22><span class=%22letter opacity-0%22 aria-hidden=%22true%22>O<\/span><span class=%22letter opacity-0%22 aria-hidden=%22true%22>R<\/span><span class=%22letter opacity-0%22 aria-hidden=%22true%22>G<\/span><span class=%22letter opacity-0%22 aria-hidden=%22true%22>A<\/span><span class=%22letter opacity-0%22 aria-hidden=%22true%22>N<\/span><span class=%22letter opacity-0%22 aria-hidden=%22true%22>I<\/span><span class=%22letter opacity-0%22 aria-hidden=%22true%22>C<\/span><span> <\/span><\/h1>\n<h1 class=%22history__title text-center mx-auto text-3xl sm:text-5xl mb-8%22><span class=%22letter opacity-0%22 aria-hidden=%22true%22>C<\/span><span class=%22letter opacity-0%22 aria-hidden=%22true%22>A<\/span><span class=%22letter opacity-0%22 aria-hidden=%22true%22>C<\/span><span class=%22letter opacity-0%22 aria-hidden=%22true%22>H<\/span><span class=%22letter opacity-0%22 aria-hidden=%22true%22>A<\/span><span class=%22letter opacity-0%22 aria-hidden=%22true%22>\u00c7<\/span><span class=%22letter opacity-0%22 aria-hidden=%22true%22>A<\/span><span> <\/span><span class=%22letter opacity-0%22 aria-hidden=%22true%22>:<\/span><span> <\/span><\/h1>\n<h1 class=%22history__title text-center mx-auto text-3xl sm:text-5xl mb-8%22><span class=%22letter opacity-0%22 aria-hidden=%22true%22>N<\/span><span class=%22letter opacity-0%22 aria-hidden=%22true%22>A<\/span><span class=%22letter opacity-0%22 aria-hidden=%22true%22>T<\/span><span class=%22letter opacity-0%22 aria-hidden=%22true%22>U<\/span><span class=%22letter opacity-0%22 aria-hidden=%22true%22>R<\/span><span class=%22letter opacity-0%22 aria-hidden=%22true%22>E<\/span><span class=%22letter opacity-0%22 aria-hidden=%22true%22>L<\/span><span class=%22letter opacity-0%22 aria-hidden=%22true%22>L<\/span><span class=%22letter opacity-0%22 aria-hidden=%22true%22>E<\/span><span> <\/span><span class=%22letter opacity-0%22 aria-hidden=%22true%22>P<\/span><span class=%22letter opacity-0%22 aria-hidden=%22true%22>A<\/span><span class=%22letter opacity-0%22 aria-hidden=%22true%22>R<\/span><span> <\/span><\/h1>\n<h1 class=%22history__title text-center mx-auto text-3xl sm:text-5xl mb-8%22><span class=%22letter opacity-0%22 aria-hidden=%22true%22>E<\/span><span class=%22letter opacity-0%22 aria-hidden=%22true%22>X<\/span><span class=%22letter opacity-0%22 aria-hidden=%22true%22>C<\/span><span class=%22letter opacity-0%22 aria-hidden=%22true%22>E<\/span><span class=%22letter opacity-0%22 aria-hidden=%22true%22>L<\/span><span class=%22letter opacity-0%22 aria-hidden=%22true%22>L<\/span><span class=%22letter opacity-0%22 aria-hidden=%22true%22>E<\/span><span class=%22letter opacity-0%22 aria-hidden=%22true%22>N<\/span><span class=%22letter opacity-0%22 aria-hidden=%22true%22>C<\/span><span class=%22letter opacity-0%22 aria-hidden=%22true%22>E<\/span><\/h1>\n<p>\u00a0\u00bb content_last_edited=\u00a0\u00bboff|desktop\u00a0\u00bb _builder_version=\u00a0\u00bb4.25.0&Prime; _module_preset=\u00a0\u00bbdefault\u00a0\u00bb header_font=\u00a0\u00bbMarcellus|||on|||||\u00a0\u00bb header_text_align=\u00a0\u00bbcenter\u00a0\u00bb header_font_size=\u00a0\u00bb40px\u00a0\u00bb custom_margin=\u00a0\u00bb0px||0px||true|false\u00a0\u00bb custom_padding=\u00a0\u00bb0px||0px||true|false\u00a0\u00bb hover_enabled=\u00a0\u00bb0&Prime; header_font_size_tablet=\u00a0\u00bb40px\u00a0\u00bb header_font_size_phone=\u00a0\u00bb35px\u00a0\u00bb header_font_size_last_edited=\u00a0\u00bbon|phone\u00a0\u00bb global_colors_info=\u00a0\u00bb{}\u00a0\u00bb sticky_enabled=\u00a0\u00bb0&Prime;]<\/p>\n<h1>TIJUCA\u00a0SINGLE\u00a0ORGANIC\u00a0CACHA\u00c7A\u00a0:<br \/>NATURELLE\u00a0PAR\u00a0EXCELLENCE<\/h1>\n<p>[\/et_pb_text][et_pb_image src=\u00a0\u00bbhttps:\/\/tijuca.fr\/wp-content\/uploads\/2024\/04\/separateur.png\u00a0\u00bb title_text=\u00a0\u00bbse\u0301parateur\u00a0\u00bb _builder_version=\u00a0\u00bb4.25.0&Prime; _module_preset=\u00a0\u00bbdefault\u00a0\u00bb width=\u00a0\u00bb14%\u00a0\u00bb width_tablet=\u00a0\u00bb30%\u00a0\u00bb width_phone=\u00a0\u00bb40%\u00a0\u00bb width_last_edited=\u00a0\u00bbon|phone\u00a0\u00bb module_alignment=\u00a0\u00bbcenter\u00a0\u00bb custom_margin=\u00a0\u00bb0px||0px||true|false\u00a0\u00bb custom_padding=\u00a0\u00bb0px||0px||true|false\u00a0\u00bb global_colors_info=\u00a0\u00bb{}\u00a0\u00bb][\/et_pb_image][et_pb_text _builder_version=\u00a0\u00bb4.25.0&Prime; _module_preset=\u00a0\u00bbdefault\u00a0\u00bb text_text_color=\u00a0\u00bb#FFFFFF\u00a0\u00bb header_2_text_align=\u00a0\u00bbcenter\u00a0\u00bb header_2_text_color=\u00a0\u00bb#FFFFFF\u00a0\u00bb header_5_text_color=\u00a0\u00bb#FFFFFF\u00a0\u00bb text_orientation=\u00a0\u00bbcenter\u00a0\u00bb max_width=\u00a0\u00bb80%\u00a0\u00bb max_width_tablet=\u00a0\u00bb80%\u00a0\u00bb max_width_phone=\u00a0\u00bb100%\u00a0\u00bb max_width_last_edited=\u00a0\u00bbon|phone\u00a0\u00bb module_alignment=\u00a0\u00bbcenter\u00a0\u00bb custom_padding=\u00a0\u00bb41px||41px||true|false\u00a0\u00bb global_colors_info=\u00a0\u00bb{}\u00a0\u00bb]<\/p>\n<div class=\"content-image__title opacity-0\">\n<div class=\"history__slice-title opacity-0 mt0\">\n<h2 class=\"title title-h2\">UN RETOUR AUX ORIGINES<\/h2>\n<p>Apr\u00e8s avoir cr\u00e9\u00e9 le premier rhum br\u00e9silien d\u2019assemblage, TIJUCA revient \u00e0 ses origines avec TIJUCA Single Organic Cacha\u00e7a.<\/p>\n<p>TIJUCA Single Organic Cacha\u00e7a est n\u00e9e d\u2019une recette originale assemblant trois cacha\u00e7as* de grande qualit\u00e9, distill\u00e9es et \u00e9lev\u00e9es dans une unique fazenda de l\u2019Etat de Rio de Janeiro.<\/p>\n<\/div>\n<\/div>\n<p>[\/et_pb_text][\/et_pb_column][\/et_pb_row][et_pb_row column_structure=\u00a0\u00bb1_2,1_2&Prime; _builder_version=\u00a0\u00bb4.25.0&Prime; _module_preset=\u00a0\u00bbdefault\u00a0\u00bb animation_style=\u00a0\u00bbslide\u00a0\u00bb animation_direction=\u00a0\u00bbbottom\u00a0\u00bb global_colors_info=\u00a0\u00bb{}\u00a0\u00bb][et_pb_column type=\u00a0\u00bb1_2&Prime; _builder_version=\u00a0\u00bb4.25.0&Prime; _module_preset=\u00a0\u00bbdefault\u00a0\u00bb global_colors_info=\u00a0\u00bb{}\u00a0\u00bb][et_pb_image src=\u00a0\u00bbhttps:\/\/tijuca.fr\/wp-content\/uploads\/2024\/05\/25d901ab-1385-4cdd-a37a-60d13350278e_F257507B-685B-469D-A39C-A91856507625-scaled.avif\u00a0\u00bb title_text=\u00a0\u00bb25d901ab-1385-4cdd-a37a-60d13350278e_F257507B-685B-469D-A39C-A91856507625&Prime; _builder_version=\u00a0\u00bb4.25.0&Prime; _module_preset=\u00a0\u00bbdefault\u00a0\u00bb global_colors_info=\u00a0\u00bb{}\u00a0\u00bb][\/et_pb_image][\/et_pb_column][et_pb_column type=\u00a0\u00bb1_2&Prime; _builder_version=\u00a0\u00bb4.25.0&Prime; _module_preset=\u00a0\u00bbdefault\u00a0\u00bb global_colors_info=\u00a0\u00bb{}\u00a0\u00bb][et_pb_text _builder_version=\u00a0\u00bb4.25.0&Prime; _module_preset=\u00a0\u00bbdefault\u00a0\u00bb text_text_color=\u00a0\u00bb#FFFFFF\u00a0\u00bb header_5_text_color=\u00a0\u00bb#FFFFFF\u00a0\u00bb text_orientation=\u00a0\u00bbjustified\u00a0\u00bb custom_padding=\u00a0\u00bb194px||194px||true|false\u00a0\u00bb custom_padding_tablet=\u00a0\u00bb20px||20px||true|false\u00a0\u00bb custom_padding_phone=\u00a0\u00bb20px||20px||true|false\u00a0\u00bb custom_padding_last_edited=\u00a0\u00bbon|phone\u00a0\u00bb global_colors_info=\u00a0\u00bb{}\u00a0\u00bb]<\/p>\n<div class=\"content-image__title opacity-0\">\n<div class=\"history__slice-title opacity-0 mt0\">\n<h2 class=\"title title-h2\">ISSUE DE L\u2019AGRICULTURE BIOLOGIQUE<\/h2>\n<p>TIJUCA Single Organic Cacha\u00e7a est une des rares cacha\u00e7as issues de l\u2019agriculture biologique.<\/p>\n<p>Nos cannes \u00e0 sucre sont cultiv\u00e9es sur place, sans utilisation de fertilisants, herbicides ou pesticides, coup\u00e9es \u00e0 la main et transform\u00e9es dans un d\u00e9lai maximal de 24h apr\u00e8s r\u00e9colte.<\/p>\n<p>Apr\u00e8s une fermentation naturelle, et une distillation unique en alambic de cuivre, TIJUCA Single Organic Cacha\u00e7a est mise au repos en cuve inox et \u00e9lev\u00e9e en bois de jequitiba rosa et de ch\u00eane fran\u00e7ais.<\/p>\n<p>Assembl\u00e9e \u00e0 la Fazenda, TIJUCA Single Organic Cacha\u00e7a est embouteill\u00e9e en Pays de Cognac, en petite cuv\u00e9e.<\/p>\n<p>Produit naturel par excellence, TIJUCA Single Organic Cacha\u00e7a est garantie sans adjonction de sucre ou autre ingr\u00e9dient.<\/p>\n<\/div>\n<\/div>\n<p>[\/et_pb_text][\/et_pb_column][\/et_pb_row][et_pb_row column_structure=\u00a0\u00bb1_2,1_2&Prime; _builder_version=\u00a0\u00bb4.25.0&Prime; _module_preset=\u00a0\u00bbdefault\u00a0\u00bb animation_style=\u00a0\u00bbslide\u00a0\u00bb animation_direction=\u00a0\u00bbbottom\u00a0\u00bb global_colors_info=\u00a0\u00bb{}\u00a0\u00bb][et_pb_column type=\u00a0\u00bb1_2&Prime; _builder_version=\u00a0\u00bb4.25.0&Prime; _module_preset=\u00a0\u00bbdefault\u00a0\u00bb custom_padding=\u00a0\u00bb200px||200px||true|false\u00a0\u00bb custom_padding_tablet=\u00a0\u00bb20px||20px||true|false\u00a0\u00bb custom_padding_phone=\u00a0\u00bb20px||20px||true|false\u00a0\u00bb custom_padding_last_edited=\u00a0\u00bbon|tablet\u00a0\u00bb global_colors_info=\u00a0\u00bb{}\u00a0\u00bb][et_pb_text _builder_version=\u00a0\u00bb4.25.0&Prime; _module_preset=\u00a0\u00bbdefault\u00a0\u00bb text_text_color=\u00a0\u00bb#FFFFFF\u00a0\u00bb text_orientation=\u00a0\u00bbjustified\u00a0\u00bb custom_padding=\u00a0\u00bb0px||20px||false|false\u00a0\u00bb global_colors_info=\u00a0\u00bb{}\u00a0\u00bb]<\/p>\n<div class=\"content-image__title opacity-0\">\n<div class=\"content-image__title opacity-0\">\n<h2 class=\"title title-h2\">CA\u00cfPIRINHA, MAIS PAS QUE\u2026<\/h2>\n<p>Parfaite pour la mixologie, TIJUCA SINGLE ORGANIC CACHACA entre dans la composition de nombreux cocktails.<\/p>\n<p>Elle apporte, notamment, sa touche authentique \u00e0 l\u2019embl\u00e9matique ca\u00efpirinha et ses multiples d\u00e9clinaisons \u00e0 base de fruits tropicaux.<\/p>\n<p>D\u00e9gust\u00e9e pure, elle ravira le palais des vrais amateurs de cacha\u00e7a.<\/p>\n<\/div>\n<\/div>\n<p>[\/et_pb_text][et_pb_button button_url=\u00a0\u00bb@ET-DC@eyJkeW5hbWljIjp0cnVlLCJjb250ZW50IjoicG9zdF9saW5rX3VybF9wYWdlIiwic2V0dGluZ3MiOnsicG9zdF9pZCI6IjI4In19@\u00a0\u00bb button_text=\u00a0\u00bbD\u00c9COUVREZ NOS COCKTAILS\u00a0\u00bb _builder_version=\u00a0\u00bb4.25.0&Prime; _dynamic_attributes=\u00a0\u00bbbutton_url\u00a0\u00bb _module_preset=\u00a0\u00bbdefault\u00a0\u00bb global_colors_info=\u00a0\u00bb{}\u00a0\u00bb][\/et_pb_button][et_pb_button button_url=\u00a0\u00bb@ET-DC@eyJkeW5hbWljIjp0cnVlLCJjb250ZW50IjoicG9zdF9saW5rX3VybF9wYWdlIiwic2V0dGluZ3MiOnsicG9zdF9pZCI6IjM1OCJ9fQ==@\u00a0\u00bb button_text=\u00a0\u00bbCOMMANDEZ NOTRE PRODUIT\u00a0\u00bb _builder_version=\u00a0\u00bb4.25.0&Prime; _dynamic_attributes=\u00a0\u00bbbutton_url\u00a0\u00bb _module_preset=\u00a0\u00bbdefault\u00a0\u00bb global_colors_info=\u00a0\u00bb{}\u00a0\u00bb][\/et_pb_button][\/et_pb_column][et_pb_column type=\u00a0\u00bb1_2&Prime; _builder_version=\u00a0\u00bb4.25.0&Prime; _module_preset=\u00a0\u00bbdefault\u00a0\u00bb global_colors_info=\u00a0\u00bb{}\u00a0\u00bb][et_pb_image src=\u00a0\u00bbhttps:\/\/tijuca.fr\/wp-content\/uploads\/2024\/05\/2-scaled.avif\u00a0\u00bb title_text=\u00a0\u00bb2&Prime; _builder_version=\u00a0\u00bb4.25.0&Prime; _module_preset=\u00a0\u00bbdefault\u00a0\u00bb global_colors_info=\u00a0\u00bb{}\u00a0\u00bb][\/et_pb_image][\/et_pb_column][\/et_pb_row][et_pb_row _builder_version=\u00a0\u00bb4.25.0&Prime; _module_preset=\u00a0\u00bbdefault\u00a0\u00bb global_colors_info=\u00a0\u00bb{}\u00a0\u00bb][et_pb_column type=\u00a0\u00bb4_4&Prime; _builder_version=\u00a0\u00bb4.25.0&Prime; _module_preset=\u00a0\u00bbdefault\u00a0\u00bb global_colors_info=\u00a0\u00bb{}\u00a0\u00bb][et_pb_text _builder_version=\u00a0\u00bb4.25.0&Prime; _module_preset=\u00a0\u00bbdefault\u00a0\u00bb text_text_color=\u00a0\u00bb#FFFFFF\u00a0\u00bb header_2_text_align=\u00a0\u00bbcenter\u00a0\u00bb header_3_text_align=\u00a0\u00bbcenter\u00a0\u00bb header_3_font_size=\u00a0\u00bb26px\u00a0\u00bb header_5_text_align=\u00a0\u00bbcenter\u00a0\u00bb header_5_text_color=\u00a0\u00bb#FFFFFF\u00a0\u00bb text_orientation=\u00a0\u00bbcenter\u00a0\u00bb global_colors_info=\u00a0\u00bb{}\u00a0\u00bb]<\/p>\n<h3 class=\"title title-h3\">NOTE DE D\u00c9GUSTATION<\/h3>\n<p><span>D\u00e9couvrez la palette aromatique de <a href=\"https:\/\/tijuca.fr\/produit\/tijuca-native-woods\/\">Tijuca Native Woods<\/a><\/span><\/p>\n<p>[\/et_pb_text][\/et_pb_column][\/et_pb_row][et_pb_row _builder_version=\u00a0\u00bb4.25.0&Prime; _module_preset=\u00a0\u00bbdefault\u00a0\u00bb global_colors_info=\u00a0\u00bb{}\u00a0\u00bb][et_pb_column type=\u00a0\u00bb4_4&Prime; _builder_version=\u00a0\u00bb4.25.0&Prime; _module_preset=\u00a0\u00bbdefault\u00a0\u00bb global_colors_info=\u00a0\u00bb{}\u00a0\u00bb][et_pb_button button_url=\u00a0\u00bb@ET-DC@eyJkeW5hbWljIjp0cnVlLCJjb250ZW50IjoicG9zdF9saW5rX3VybF9wYWdlIiwic2V0dGluZ3MiOnsicG9zdF9pZCI6IjMyIn19@\u00a0\u00bb button_text=\u00a0\u00bbRETOUR \u00c0 LA PAGE NOS HISTOIRES\u00a0\u00bb button_alignment=\u00a0\u00bbcenter\u00a0\u00bb _builder_version=\u00a0\u00bb4.25.0&Prime; _dynamic_attributes=\u00a0\u00bbbutton_url\u00a0\u00bb _module_preset=\u00a0\u00bbdefault\u00a0\u00bb custom_button=\u00a0\u00bbon\u00a0\u00bb button_text_size=\u00a0\u00bb17px\u00a0\u00bb button_border_width=\u00a0\u00bb1px\u00a0\u00bb button_border_radius=\u00a0\u00bb0px\u00a0\u00bb global_colors_info=\u00a0\u00bb{}\u00a0\u00bb][\/et_pb_button][et_pb_image src=\u00a0\u00bbhttps:\/\/tijuca.fr\/wp-content\/uploads\/2024\/04\/ILLU-PAGE.png\u00a0\u00bb title_text=\u00a0\u00bbILLU PAGE\u00a0\u00bb _builder_version=\u00a0\u00bb4.16&Prime; _module_preset=\u00a0\u00bbdefault\u00a0\u00bb max_width=\u00a0\u00bb20%\u00a0\u00bb module_alignment=\u00a0\u00bbcenter\u00a0\u00bb global_colors_info=\u00a0\u00bb{}\u00a0\u00bb][\/et_pb_image][\/et_pb_column][\/et_pb_row][\/et_pb_section]<\/p>\n","protected":false},"excerpt":{"rendered":"<p>TIJUCA\u00a0SINGLE\u00a0ORGANIC\u00a0CACHA\u00c7A\u00a0:NATURELLE\u00a0PAR\u00a0EXCELLENCE UN RETOUR AUX ORIGINES Apr\u00e8s avoir cr\u00e9\u00e9 le premier rhum br\u00e9silien d\u2019assemblage, TIJUCA revient \u00e0 ses origines avec TIJUCA Single Organic Cacha\u00e7a. TIJUCA Single Organic Cacha\u00e7a est n\u00e9e d\u2019une recette originale assemblant trois cacha\u00e7as* de grande qualit\u00e9, distill\u00e9es et \u00e9lev\u00e9es dans une unique fazenda de l\u2019Etat de Rio de Janeiro. ISSUE DE L\u2019AGRICULTURE BIOLOGIQUE [&hellip;]<\/p>\n","protected":false},"author":1,"featured_media":0,"parent":0,"menu_order":0,"comment_status":"closed","ping_status":"closed","template":"","meta":{"_et_pb_use_builder":"on","_et_pb_old_content":"<!-- wp:divi\/placeholder \/-->","_et_gb_content_width":"","footnotes":""},"class_list":["post-358","page","type-page","status-publish","hentry"],"_links":{"self":[{"href":"https:\/\/tijuca.fr\/en\/wp-json\/wp\/v2\/pages\/358","targetHints":{"allow":["GET"]}}],"collection":[{"href":"https:\/\/tijuca.fr\/en\/wp-json\/wp\/v2\/pages"}],"about":[{"href":"https:\/\/tijuca.fr\/en\/wp-json\/wp\/v2\/types\/page"}],"author":[{"embeddable":true,"href":"https:\/\/tijuca.fr\/en\/wp-json\/wp\/v2\/users\/1"}],"replies":[{"embeddable":true,"href":"https:\/\/tijuca.fr\/en\/wp-json\/wp\/v2\/comments?post=358"}],"version-history":[{"count":25,"href":"https:\/\/tijuca.fr\/en\/wp-json\/wp\/v2\/pages\/358\/revisions"}],"predecessor-version":[{"id":2068,"href":"https:\/\/tijuca.fr\/en\/wp-json\/wp\/v2\/pages\/358\/revisions\/2068"}],"wp:attachment":[{"href":"https:\/\/tijuca.fr\/en\/wp-json\/wp\/v2\/media?parent=358"}],"curies":[{"name":"wp","href":"https:\/\/api.w.org\/{rel}","templated":true}]}}