{"id":400,"date":"2024-05-29T13:53:00","date_gmt":"2024-05-29T13:53:00","guid":{"rendered":"https:\/\/tijuca.fr\/?page_id=400"},"modified":"2024-10-31T13:48:25","modified_gmt":"2024-10-31T13:48:25","slug":"tijuca-an-eco-responsible-brand","status":"publish","type":"page","link":"https:\/\/tijuca.fr\/en\/tijuca-an-eco-responsible-brand\/","title":{"rendered":"TIJUCA\u00a0:\u00a0LA\u00a0MARQUE\u00a0\u00c9CO-RESPONSABLE"},"content":{"rendered":"<p>[et_pb_section fb_built=\u00a0\u00bb1&Prime; _builder_version=\u00a0\u00bb4.25.2&Prime; _module_preset=\u00a0\u00bbdefault\u00a0\u00bb background_enable_color=\u00a0\u00bboff\u00a0\u00bb use_background_color_gradient=\u00a0\u00bbon\u00a0\u00bb background_color_gradient_stops=\u00a0\u00bb#0a0202 0%|#ffffff 55%|#0a0a0a 100%\u00a0\u00bb background_image=\u00a0\u00bbhttps:\/\/tijuca.fr\/wp-content\/uploads\/2024\/05\/AUTRE.jpg\u00a0\u00bb background_position=\u00a0\u00bbtop_right\u00a0\u00bb background_blend=\u00a0\u00bbmultiply\u00a0\u00bb width=\u00a0\u00bb100%\u00a0\u00bb max_width=\u00a0\u00bb100%\u00a0\u00bb min_height=\u00a0\u00bb304px\u00a0\u00bb height=\u00a0\u00bb100px\u00a0\u00bb custom_padding=\u00a0\u00bb140px||90px||false|false\u00a0\u00bb bottom_divider_flip=\u00a0\u00bbhorizontal\u00a0\u00bb locked=\u00a0\u00bboff\u00a0\u00bb global_colors_info=\u00a0\u00bb{}\u00a0\u00bb][et_pb_row _builder_version=\u00a0\u00bb4.25.0&Prime; _module_preset=\u00a0\u00bbdefault\u00a0\u00bb global_colors_info=\u00a0\u00bb{}\u00a0\u00bb][et_pb_column type=\u00a0\u00bb4_4&Prime; _builder_version=\u00a0\u00bb4.25.0&Prime; _module_preset=\u00a0\u00bbdefault\u00a0\u00bb global_colors_info=\u00a0\u00bb{}\u00a0\u00bb][et_pb_text _builder_version=\u00a0\u00bb4.25.2&Prime; _module_preset=\u00a0\u00bbdefault\u00a0\u00bb text_font=\u00a0\u00bb|800|||||||\u00a0\u00bb text_text_color=\u00a0\u00bb#FFFFFF\u00a0\u00bb text_font_size=\u00a0\u00bb16px\u00a0\u00bb text_orientation=\u00a0\u00bbcenter\u00a0\u00bb custom_margin=\u00a0\u00bb0px||0px||true|false\u00a0\u00bb custom_padding=\u00a0\u00bb0px||0px||true|false\u00a0\u00bb global_colors_info=\u00a0\u00bb{}\u00a0\u00bb][\/et_pb_text][\/et_pb_column][\/et_pb_row][\/et_pb_section][et_pb_section fb_built=\u00a0\u00bb1&Prime; _builder_version=\u00a0\u00bb4.16&Prime; _module_preset=\u00a0\u00bbdefault\u00a0\u00bb background_color=\u00a0\u00bb#000000&Prime; custom_padding=\u00a0\u00bb0px||||false|false\u00a0\u00bb global_colors_info=\u00a0\u00bb{}\u00a0\u00bb][et_pb_row _builder_version=\u00a0\u00bb4.25.0&Prime; _module_preset=\u00a0\u00bbdefault\u00a0\u00bb animation_style=\u00a0\u00bbfade\u00a0\u00bb global_colors_info=\u00a0\u00bb{}\u00a0\u00bb][et_pb_column type=\u00a0\u00bb4_4&Prime; _builder_version=\u00a0\u00bb4.16&Prime; _module_preset=\u00a0\u00bbdefault\u00a0\u00bb global_colors_info=\u00a0\u00bb{}\u00a0\u00bb][et_pb_text content_tablet=\u00a0\u00bb<\/p>\n<h1 class=%22history__title text-center mx-auto text-3xl sm:text-5xl mb-8%22><span class=%22letter opacity-0%22 aria-hidden=%22true%22>T<\/span><span class=%22letter opacity-0%22 aria-hidden=%22true%22>I<\/span><span class=%22letter opacity-0%22 aria-hidden=%22true%22>J<\/span><span class=%22letter opacity-0%22 aria-hidden=%22true%22>U<\/span><span class=%22letter opacity-0%22 aria-hidden=%22true%22>C<\/span><span class=%22letter opacity-0%22 aria-hidden=%22true%22>A<\/span><span> <\/span><span class=%22letter opacity-0%22 aria-hidden=%22true%22>:<\/span><span> <\/span><\/h1>\n<h1 class=%22history__title text-center mx-auto text-3xl sm:text-5xl mb-8%22><span class=%22letter opacity-0%22 aria-hidden=%22true%22>L<\/span><span class=%22letter opacity-0%22 aria-hidden=%22true%22>A<\/span><span> <\/span><span class=%22letter opacity-0%22 aria-hidden=%22true%22>M<\/span><span class=%22letter opacity-0%22 aria-hidden=%22true%22>A<\/span><span class=%22letter opacity-0%22 aria-hidden=%22true%22>R<\/span><span class=%22letter opacity-0%22 aria-hidden=%22true%22>Q<\/span><span class=%22letter opacity-0%22 aria-hidden=%22true%22>U<\/span><span class=%22letter opacity-0%22 aria-hidden=%22true%22>E<\/span><span> <\/span><span class=%22letter opacity-0%22 aria-hidden=%22true%22>\u00c9<\/span><span class=%22letter opacity-0%22 aria-hidden=%22true%22>C<\/span><span class=%22letter opacity-0%22 aria-hidden=%22true%22>O<\/span><span class=%22letter opacity-0%22 aria-hidden=%22true%22>&#8211;<\/span><span class=%22letter opacity-0%22 aria-hidden=%22true%22>R<\/span><span class=%22letter opacity-0%22 aria-hidden=%22true%22>E<\/span><span class=%22letter opacity-0%22 aria-hidden=%22true%22>S<\/span><span class=%22letter opacity-0%22 aria-hidden=%22true%22>P<\/span><span class=%22letter opacity-0%22 aria-hidden=%22true%22>O<\/span><span class=%22letter opacity-0%22 aria-hidden=%22true%22>N<\/span><span class=%22letter opacity-0%22 aria-hidden=%22true%22>S<\/span><span class=%22letter opacity-0%22 aria-hidden=%22true%22>A<\/span><span class=%22letter opacity-0%22 aria-hidden=%22true%22>B<\/span><span class=%22letter opacity-0%22 aria-hidden=%22true%22>L<\/span><span class=%22letter opacity-0%22 aria-hidden=%22true%22>E<\/span><\/h1>\n<p>\u00a0\u00bb content_phone=\u00a0\u00bb<\/p>\n<h1 class=%22history__title text-center mx-auto text-3xl sm:text-5xl mb-8%22><span class=%22letter opacity-0%22 aria-hidden=%22true%22>T<\/span><span class=%22letter opacity-0%22 aria-hidden=%22true%22>I<\/span><span class=%22letter opacity-0%22 aria-hidden=%22true%22>J<\/span><span class=%22letter opacity-0%22 aria-hidden=%22true%22>U<\/span><span class=%22letter opacity-0%22 aria-hidden=%22true%22>C<\/span><span class=%22letter opacity-0%22 aria-hidden=%22true%22>A<\/span><span> <\/span><span class=%22letter opacity-0%22 aria-hidden=%22true%22>:<\/span><span> <\/span><\/h1>\n<h1 class=%22history__title text-center mx-auto text-3xl sm:text-5xl mb-8%22><span class=%22letter opacity-0%22 aria-hidden=%22true%22>L<\/span><span class=%22letter opacity-0%22 aria-hidden=%22true%22>A<\/span><span> <\/span><span class=%22letter opacity-0%22 aria-hidden=%22true%22>M<\/span><span class=%22letter opacity-0%22 aria-hidden=%22true%22>A<\/span><span class=%22letter opacity-0%22 aria-hidden=%22true%22>R<\/span><span class=%22letter opacity-0%22 aria-hidden=%22true%22>Q<\/span><span class=%22letter opacity-0%22 aria-hidden=%22true%22>U<\/span><span class=%22letter opacity-0%22 aria-hidden=%22true%22>E<\/span><span> <\/span><\/h1>\n<h1 class=%22history__title text-center mx-auto text-3xl sm:text-5xl mb-8%22><span class=%22letter opacity-0%22 aria-hidden=%22true%22>\u00c9<\/span><span class=%22letter opacity-0%22 aria-hidden=%22true%22>C<\/span><span class=%22letter opacity-0%22 aria-hidden=%22true%22>O<\/span><span class=%22letter opacity-0%22 aria-hidden=%22true%22>&#8211;<\/span><span class=%22letter opacity-0%22 aria-hidden=%22true%22>R<\/span><span class=%22letter opacity-0%22 aria-hidden=%22true%22>E<\/span><span class=%22letter opacity-0%22 aria-hidden=%22true%22>S<\/span><span class=%22letter opacity-0%22 aria-hidden=%22true%22>P<\/span><span class=%22letter opacity-0%22 aria-hidden=%22true%22>O<\/span><span class=%22letter opacity-0%22 aria-hidden=%22true%22>N<\/span><span class=%22letter opacity-0%22 aria-hidden=%22true%22>S<\/span><span class=%22letter opacity-0%22 aria-hidden=%22true%22>A<\/span><span class=%22letter opacity-0%22 aria-hidden=%22true%22>B<\/span><span class=%22letter opacity-0%22 aria-hidden=%22true%22>L<\/span><span class=%22letter opacity-0%22 aria-hidden=%22true%22>E<\/span><\/h1>\n<p>\u00a0\u00bb content_last_edited=\u00a0\u00bboff|desktop\u00a0\u00bb _builder_version=\u00a0\u00bb4.25.0&Prime; _module_preset=\u00a0\u00bbdefault\u00a0\u00bb header_font=\u00a0\u00bbMarcellus|||on|||||\u00a0\u00bb header_text_align=\u00a0\u00bbcenter\u00a0\u00bb header_font_size=\u00a0\u00bb40px\u00a0\u00bb custom_margin=\u00a0\u00bb0px||0px||true|false\u00a0\u00bb custom_padding=\u00a0\u00bb0px||0px||true|false\u00a0\u00bb hover_enabled=\u00a0\u00bb0&Prime; header_font_size_tablet=\u00a0\u00bb40px\u00a0\u00bb header_font_size_phone=\u00a0\u00bb35px\u00a0\u00bb header_font_size_last_edited=\u00a0\u00bbon|phone\u00a0\u00bb global_colors_info=\u00a0\u00bb{}\u00a0\u00bb sticky_enabled=\u00a0\u00bb0&Prime;]<\/p>\n<h1>Tijuca la marque \u00e9co-responsable<\/h1>\n<p>[\/et_pb_text][et_pb_image src=\u00a0\u00bbhttps:\/\/tijuca.fr\/wp-content\/uploads\/2024\/04\/separateur.png\u00a0\u00bb title_text=\u00a0\u00bbse\u0301parateur\u00a0\u00bb _builder_version=\u00a0\u00bb4.25.0&Prime; _module_preset=\u00a0\u00bbdefault\u00a0\u00bb width=\u00a0\u00bb14%\u00a0\u00bb width_tablet=\u00a0\u00bb30%\u00a0\u00bb width_phone=\u00a0\u00bb40%\u00a0\u00bb width_last_edited=\u00a0\u00bbon|tablet\u00a0\u00bb module_alignment=\u00a0\u00bbcenter\u00a0\u00bb custom_margin=\u00a0\u00bb0px||0px||true|false\u00a0\u00bb custom_padding=\u00a0\u00bb0px||0px||true|false\u00a0\u00bb global_colors_info=\u00a0\u00bb{}\u00a0\u00bb][\/et_pb_image][et_pb_text _builder_version=\u00a0\u00bb4.25.0&Prime; _module_preset=\u00a0\u00bbdefault\u00a0\u00bb text_text_color=\u00a0\u00bb#FFFFFF\u00a0\u00bb header_2_text_align=\u00a0\u00bbcenter\u00a0\u00bb header_2_text_color=\u00a0\u00bb#FFFFFF\u00a0\u00bb header_5_text_color=\u00a0\u00bb#FFFFFF\u00a0\u00bb text_orientation=\u00a0\u00bbcenter\u00a0\u00bb max_width=\u00a0\u00bb80%\u00a0\u00bb max_width_tablet=\u00a0\u00bb100%\u00a0\u00bb max_width_phone=\u00a0\u00bb100%\u00a0\u00bb max_width_last_edited=\u00a0\u00bbon|phone\u00a0\u00bb module_alignment=\u00a0\u00bbcenter\u00a0\u00bb custom_padding=\u00a0\u00bb41px||41px||true|false\u00a0\u00bb global_colors_info=\u00a0\u00bb{}\u00a0\u00bb]<\/p>\n<div class=\"content-image__title opacity-0\">\n<div class=\"history__slice-title opacity-0 mt0\">\n<h3 class=\"title title-h3\">UNE D\u00c9MARCHE \u00c9CO-RESPONSABLE<\/h3>\n<p>Chez TIJUCA, \u00e0 chaque fois que nous en avons la possibilit\u00e9, nous adoptons une d\u00e9marche \u00e9co-responsable pour nos processus de fabrication afin de participer \u00e0 la pr\u00e9servation de la biodiversit\u00e9 de nos terroirs.<\/p>\n<\/div>\n<\/div>\n<p>[\/et_pb_text][\/et_pb_column][\/et_pb_row][et_pb_row column_structure=\u00a0\u00bb1_2,1_2&Prime; _builder_version=\u00a0\u00bb4.25.0&Prime; _module_preset=\u00a0\u00bbdefault\u00a0\u00bb custom_margin=\u00a0\u00bb0px||||false|false\u00a0\u00bb custom_padding=\u00a0\u00bb0px||||false|false\u00a0\u00bb animation_style=\u00a0\u00bbslide\u00a0\u00bb animation_direction=\u00a0\u00bbbottom\u00a0\u00bb global_colors_info=\u00a0\u00bb{}\u00a0\u00bb][et_pb_column type=\u00a0\u00bb1_2&Prime; _builder_version=\u00a0\u00bb4.25.0&Prime; _module_preset=\u00a0\u00bbdefault\u00a0\u00bb global_colors_info=\u00a0\u00bb{}\u00a0\u00bb][et_pb_image src=\u00a0\u00bbhttps:\/\/tijuca.fr\/wp-content\/uploads\/2024\/05\/2-2.avif\u00a0\u00bb title_text=\u00a0\u00bb2&Prime; _builder_version=\u00a0\u00bb4.25.0&Prime; _module_preset=\u00a0\u00bbdefault\u00a0\u00bb global_colors_info=\u00a0\u00bb{}\u00a0\u00bb][\/et_pb_image][\/et_pb_column][et_pb_column type=\u00a0\u00bb1_2&Prime; _builder_version=\u00a0\u00bb4.25.0&Prime; _module_preset=\u00a0\u00bbdefault\u00a0\u00bb global_colors_info=\u00a0\u00bb{}\u00a0\u00bb][et_pb_text _builder_version=\u00a0\u00bb4.25.0&Prime; _module_preset=\u00a0\u00bbdefault\u00a0\u00bb text_text_color=\u00a0\u00bb#FFFFFF\u00a0\u00bb header_5_text_color=\u00a0\u00bb#FFFFFF\u00a0\u00bb text_orientation=\u00a0\u00bbjustified\u00a0\u00bb custom_padding=\u00a0\u00bb33px||33px||true|false\u00a0\u00bb global_colors_info=\u00a0\u00bb{}\u00a0\u00bb]<\/p>\n<div class=\"content-image__title opacity-0\">\n<div class=\"history__slice-title opacity-0 mt0\">\n<div class=\"content-image__title opacity-0\">\n<h3 class=\"title title-h3\">LA PR\u00c9SERVATION DE NOTRE ENVIRONNEMENT<\/h3>\n<\/div>\n<div class=\"content-image__content opacity-0\">\n<p>Nous orientons nos producteurs vers une agriculture raisonn\u00e9e avec pour objectifs : l\u2019am\u00e9lioration de la qualit\u00e9 des sols, la gestion \u00e9quilibr\u00e9e des ressources en eau, le recyclage des d\u00e9chets et la pr\u00e9servation des \u00e9cosyst\u00e8mes.<\/p>\n<p>Certains de nos producteurs ont d\u00e9j\u00e0 obtenu la certification agriculture biologique et notre volont\u00e9 est que tous suivent ce chemin \u00e0 terme.<\/p>\n<p>De plus, nous nous engageons \u00e0 participer \u00e0 la sauvegarde de la for\u00eat c\u00f4ti\u00e8re br\u00e9silienne\u00a0: la Mata Atl\u00e2ntica d\u2019o\u00f9 sont issues nos cacha\u00e7as, en soutenant financi\u00e8rement ceux qui luttent pour sa sauvegarde.<\/p>\n<\/div>\n<\/div>\n<\/div>\n<p>[\/et_pb_text][\/et_pb_column][\/et_pb_row][et_pb_row column_structure=\u00a0\u00bb1_2,1_2&Prime; _builder_version=\u00a0\u00bb4.25.0&Prime; _module_preset=\u00a0\u00bbdefault\u00a0\u00bb animation_style=\u00a0\u00bbslide\u00a0\u00bb animation_direction=\u00a0\u00bbbottom\u00a0\u00bb global_colors_info=\u00a0\u00bb{}\u00a0\u00bb][et_pb_column type=\u00a0\u00bb1_2&Prime; _builder_version=\u00a0\u00bb4.25.0&Prime; _module_preset=\u00a0\u00bbdefault\u00a0\u00bb custom_padding=\u00a0\u00bb56px||56px||true|false\u00a0\u00bb custom_padding_tablet=\u00a0\u00bb0px||0px||true|false\u00a0\u00bb custom_padding_phone=\u00a0\u00bb20px||20px||true|false\u00a0\u00bb custom_padding_last_edited=\u00a0\u00bbon|phone\u00a0\u00bb global_colors_info=\u00a0\u00bb{}\u00a0\u00bb][et_pb_text _builder_version=\u00a0\u00bb4.25.0&Prime; _module_preset=\u00a0\u00bbdefault\u00a0\u00bb text_text_color=\u00a0\u00bb#FFFFFF\u00a0\u00bb text_orientation=\u00a0\u00bbjustified\u00a0\u00bb custom_padding=\u00a0\u00bb0px||0px||false|false\u00a0\u00bb global_colors_info=\u00a0\u00bb{}\u00a0\u00bb]<\/p>\n<div class=\"content-image__title opacity-0\">\n<div class=\"content-image__title opacity-0\">\n<div class=\"content-image__title opacity-0\">\n<div class=\"content-image__title opacity-0\">\n<h3 class=\"title title-h3\">LA PR\u00c9SERVATION DE NOS RESSOURCES<\/h3>\n<\/div>\n<div class=\"content-image__content opacity-0\">\n<p>Conscients du fait que les ressources mises \u00e0 notre disposition par la nature ne sont pas infinies, nous veillons \u00e0 limiter l\u2019impact de nos emballages en choisissant une bouteille \u00e0 faible masse et fabriqu\u00e9e avec un fort pourcentage de mati\u00e8re recycl\u00e9e. Nous avons \u00e9galement r\u00e9fl\u00e9chi \u00e0 des solutions novatrices pour notre suremballage.<\/p>\n<p>Ainsi, notre bouteille est con\u00e7ue pour que vous puissiez la r\u00e9utiliser et nous vous proposerons bient\u00f4t de remplacer le suremballage par une carte num\u00e9rique qui vous permettra toujours d&rsquo;offrir notre bouteille comme cadeau.<\/p>\n<\/div>\n<\/div>\n<\/div>\n<\/div>\n<p>[\/et_pb_text][\/et_pb_column][et_pb_column type=\u00a0\u00bb1_2&Prime; _builder_version=\u00a0\u00bb4.25.0&Prime; _module_preset=\u00a0\u00bbdefault\u00a0\u00bb global_colors_info=\u00a0\u00bb{}\u00a0\u00bb][et_pb_image src=\u00a0\u00bbhttps:\/\/tijuca.fr\/wp-content\/uploads\/2024\/05\/3-1.avif\u00a0\u00bb title_text=\u00a0\u00bb3&Prime; _builder_version=\u00a0\u00bb4.25.0&Prime; _module_preset=\u00a0\u00bbdefault\u00a0\u00bb global_colors_info=\u00a0\u00bb{}\u00a0\u00bb][\/et_pb_image][\/et_pb_column][\/et_pb_row][et_pb_row _builder_version=\u00a0\u00bb4.25.0&Prime; _module_preset=\u00a0\u00bbdefault\u00a0\u00bb global_colors_info=\u00a0\u00bb{}\u00a0\u00bb][et_pb_column type=\u00a0\u00bb4_4&Prime; _builder_version=\u00a0\u00bb4.25.0&Prime; _module_preset=\u00a0\u00bbdefault\u00a0\u00bb global_colors_info=\u00a0\u00bb{}\u00a0\u00bb][et_pb_button button_url=\u00a0\u00bb@ET-DC@eyJkeW5hbWljIjp0cnVlLCJjb250ZW50IjoicG9zdF9saW5rX3VybF9wYWdlIiwic2V0dGluZ3MiOnsicG9zdF9pZCI6IjE5MTUifX0=@\u00a0\u00bb button_text=\u00a0\u00bbRETOUR\u00a0\u00bb button_alignment=\u00a0\u00bbcenter\u00a0\u00bb _builder_version=\u00a0\u00bb4.25.0&Prime; _dynamic_attributes=\u00a0\u00bbbutton_url\u00a0\u00bb _module_preset=\u00a0\u00bbdefault\u00a0\u00bb custom_button=\u00a0\u00bbon\u00a0\u00bb button_text_size=\u00a0\u00bb17px\u00a0\u00bb button_border_width=\u00a0\u00bb1px\u00a0\u00bb button_border_radius=\u00a0\u00bb0px\u00a0\u00bb global_colors_info=\u00a0\u00bb{}\u00a0\u00bb][\/et_pb_button][et_pb_image src=\u00a0\u00bbhttps:\/\/tijuca.fr\/wp-content\/uploads\/2024\/04\/ILLU-PAGE.png\u00a0\u00bb title_text=\u00a0\u00bbILLU PAGE\u00a0\u00bb _builder_version=\u00a0\u00bb4.16&Prime; _module_preset=\u00a0\u00bbdefault\u00a0\u00bb max_width=\u00a0\u00bb20%\u00a0\u00bb module_alignment=\u00a0\u00bbcenter\u00a0\u00bb global_colors_info=\u00a0\u00bb{}\u00a0\u00bb][\/et_pb_image][\/et_pb_column][\/et_pb_row][\/et_pb_section]<\/p>\n","protected":false},"excerpt":{"rendered":"<p>Tijuca la marque \u00e9co-responsable UNE D\u00c9MARCHE \u00c9CO-RESPONSABLE Chez TIJUCA, \u00e0 chaque fois que nous en avons la possibilit\u00e9, nous adoptons une d\u00e9marche \u00e9co-responsable pour nos processus de fabrication afin de participer \u00e0 la pr\u00e9servation de la biodiversit\u00e9 de nos terroirs. LA PR\u00c9SERVATION DE NOTRE ENVIRONNEMENT Nous orientons nos producteurs vers une agriculture raisonn\u00e9e avec pour [&hellip;]<\/p>\n","protected":false},"author":1,"featured_media":0,"parent":0,"menu_order":0,"comment_status":"closed","ping_status":"closed","template":"","meta":{"_et_pb_use_builder":"on","_et_pb_old_content":"<!-- wp:divi\/placeholder \/-->","_et_gb_content_width":"","footnotes":""},"class_list":["post-400","page","type-page","status-publish","hentry"],"_links":{"self":[{"href":"https:\/\/tijuca.fr\/en\/wp-json\/wp\/v2\/pages\/400","targetHints":{"allow":["GET"]}}],"collection":[{"href":"https:\/\/tijuca.fr\/en\/wp-json\/wp\/v2\/pages"}],"about":[{"href":"https:\/\/tijuca.fr\/en\/wp-json\/wp\/v2\/types\/page"}],"author":[{"embeddable":true,"href":"https:\/\/tijuca.fr\/en\/wp-json\/wp\/v2\/users\/1"}],"replies":[{"embeddable":true,"href":"https:\/\/tijuca.fr\/en\/wp-json\/wp\/v2\/comments?post=400"}],"version-history":[{"count":23,"href":"https:\/\/tijuca.fr\/en\/wp-json\/wp\/v2\/pages\/400\/revisions"}],"predecessor-version":[{"id":2060,"href":"https:\/\/tijuca.fr\/en\/wp-json\/wp\/v2\/pages\/400\/revisions\/2060"}],"wp:attachment":[{"href":"https:\/\/tijuca.fr\/en\/wp-json\/wp\/v2\/media?parent=400"}],"curies":[{"name":"wp","href":"https:\/\/api.w.org\/{rel}","templated":true}]}}