{"id":622,"date":"2024-05-30T09:12:49","date_gmt":"2024-05-30T09:12:49","guid":{"rendered":"https:\/\/tijuca.fr\/?page_id=622"},"modified":"2024-10-29T08:39:30","modified_gmt":"2024-10-29T08:39:30","slug":"rio-de-janeiro-cidade-maravilhosa","status":"publish","type":"page","link":"https:\/\/tijuca.fr\/en\/rio-de-janeiro-cidade-maravilhosa\/","title":{"rendered":"RIO\u00a0DE\u00a0JANEIRO\u00a0:\u00a0CIDADE\u00a0MARAVILHOSA"},"content":{"rendered":"<p>[et_pb_section fb_built=\u00a0\u00bb1&Prime; _builder_version=\u00a0\u00bb4.25.2&Prime; _module_preset=\u00a0\u00bbdefault\u00a0\u00bb background_enable_color=\u00a0\u00bboff\u00a0\u00bb use_background_color_gradient=\u00a0\u00bbon\u00a0\u00bb background_color_gradient_stops=\u00a0\u00bb#0a0202 0%|#ffffff 55%|#0a0a0a 100%\u00a0\u00bb background_image=\u00a0\u00bbhttps:\/\/tijuca.fr\/wp-content\/uploads\/2024\/05\/AUTRE.jpg\u00a0\u00bb background_position=\u00a0\u00bbtop_right\u00a0\u00bb background_blend=\u00a0\u00bbmultiply\u00a0\u00bb width=\u00a0\u00bb100%\u00a0\u00bb max_width=\u00a0\u00bb100%\u00a0\u00bb min_height=\u00a0\u00bb304px\u00a0\u00bb height=\u00a0\u00bb100px\u00a0\u00bb custom_padding=\u00a0\u00bb140px||90px||false|false\u00a0\u00bb bottom_divider_flip=\u00a0\u00bbhorizontal\u00a0\u00bb locked=\u00a0\u00bboff\u00a0\u00bb global_colors_info=\u00a0\u00bb{}\u00a0\u00bb][et_pb_row _builder_version=\u00a0\u00bb4.25.0&Prime; _module_preset=\u00a0\u00bbdefault\u00a0\u00bb global_colors_info=\u00a0\u00bb{}\u00a0\u00bb][et_pb_column type=\u00a0\u00bb4_4&Prime; _builder_version=\u00a0\u00bb4.25.0&Prime; _module_preset=\u00a0\u00bbdefault\u00a0\u00bb global_colors_info=\u00a0\u00bb{}\u00a0\u00bb][et_pb_text _builder_version=\u00a0\u00bb4.25.2&Prime; _module_preset=\u00a0\u00bbdefault\u00a0\u00bb text_font=\u00a0\u00bb|800|||||||\u00a0\u00bb text_text_color=\u00a0\u00bb#FFFFFF\u00a0\u00bb text_font_size=\u00a0\u00bb16px\u00a0\u00bb text_orientation=\u00a0\u00bbcenter\u00a0\u00bb custom_margin=\u00a0\u00bb0px||0px||true|false\u00a0\u00bb custom_padding=\u00a0\u00bb0px||0px||true|false\u00a0\u00bb global_colors_info=\u00a0\u00bb{}\u00a0\u00bb][\/et_pb_text][\/et_pb_column][\/et_pb_row][\/et_pb_section][et_pb_section fb_built=\u00a0\u00bb1&Prime; _builder_version=\u00a0\u00bb4.16&Prime; _module_preset=\u00a0\u00bbdefault\u00a0\u00bb background_color=\u00a0\u00bb#000000&Prime; custom_padding=\u00a0\u00bb0px||||false|false\u00a0\u00bb global_colors_info=\u00a0\u00bb{}\u00a0\u00bb][et_pb_row _builder_version=\u00a0\u00bb4.25.0&Prime; _module_preset=\u00a0\u00bbdefault\u00a0\u00bb animation_style=\u00a0\u00bbslide\u00a0\u00bb animation_direction=\u00a0\u00bbbottom\u00a0\u00bb global_colors_info=\u00a0\u00bb{}\u00a0\u00bb][et_pb_column type=\u00a0\u00bb4_4&Prime; _builder_version=\u00a0\u00bb4.16&Prime; _module_preset=\u00a0\u00bbdefault\u00a0\u00bb global_colors_info=\u00a0\u00bb{}\u00a0\u00bb][et_pb_text content_tablet=\u00a0\u00bb<\/p>\n<h1 class=%22history__title text-center mx-auto text-3xl sm:text-5xl mb-8%22><span class=%22letter opacity-0%22 aria-hidden=%22true%22>R<\/span><span class=%22letter opacity-0%22 aria-hidden=%22true%22>I<\/span><span class=%22letter opacity-0%22 aria-hidden=%22true%22>O<\/span><span> <\/span><span class=%22letter opacity-0%22 aria-hidden=%22true%22>D<\/span><span class=%22letter opacity-0%22 aria-hidden=%22true%22>E<\/span><span> <\/span><span class=%22letter opacity-0%22 aria-hidden=%22true%22>J<\/span><span class=%22letter opacity-0%22 aria-hidden=%22true%22>A<\/span><span class=%22letter opacity-0%22 aria-hidden=%22true%22>N<\/span><span class=%22letter opacity-0%22 aria-hidden=%22true%22>E<\/span><span class=%22letter opacity-0%22 aria-hidden=%22true%22>I<\/span><span class=%22letter opacity-0%22 aria-hidden=%22true%22>R<\/span><span class=%22letter opacity-0%22 aria-hidden=%22true%22>O<\/span><span> <\/span><span class=%22letter opacity-0%22 aria-hidden=%22true%22>:<\/span><span> <\/span><\/h1>\n<h1 class=%22history__title text-center mx-auto text-3xl sm:text-5xl mb-8%22><span class=%22letter opacity-0%22 aria-hidden=%22true%22>C<\/span><span class=%22letter opacity-0%22 aria-hidden=%22true%22>I<\/span><span class=%22letter opacity-0%22 aria-hidden=%22true%22>D<\/span><span class=%22letter opacity-0%22 aria-hidden=%22true%22>A<\/span><span class=%22letter opacity-0%22 aria-hidden=%22true%22>D<\/span><span class=%22letter opacity-0%22 aria-hidden=%22true%22>E<\/span><span> <\/span><span class=%22letter opacity-0%22 aria-hidden=%22true%22>M<\/span><span class=%22letter opacity-0%22 aria-hidden=%22true%22>A<\/span><span class=%22letter opacity-0%22 aria-hidden=%22true%22>R<\/span><span class=%22letter opacity-0%22 aria-hidden=%22true%22>A<\/span><span class=%22letter opacity-0%22 aria-hidden=%22true%22>V<\/span><span class=%22letter opacity-0%22 aria-hidden=%22true%22>I<\/span><span class=%22letter opacity-0%22 aria-hidden=%22true%22>L<\/span><span class=%22letter opacity-0%22 aria-hidden=%22true%22>H<\/span><span class=%22letter opacity-0%22 aria-hidden=%22true%22>O<\/span><span class=%22letter opacity-0%22 aria-hidden=%22true%22>S<\/span><span class=%22letter opacity-0%22 aria-hidden=%22true%22>A<\/span><\/h1>\n<p>\u00a0\u00bb content_phone=\u00a0\u00bb<\/p>\n<h1 class=%22history__title text-center mx-auto text-3xl sm:text-5xl mb-8%22><span class=%22letter opacity-0%22 aria-hidden=%22true%22>R<\/span><span class=%22letter opacity-0%22 aria-hidden=%22true%22>I<\/span><span class=%22letter opacity-0%22 aria-hidden=%22true%22>O<\/span><span> <\/span><span class=%22letter opacity-0%22 aria-hidden=%22true%22>D<\/span><span class=%22letter opacity-0%22 aria-hidden=%22true%22>E<\/span><span> <\/span><span class=%22letter opacity-0%22 aria-hidden=%22true%22>J<\/span><span class=%22letter opacity-0%22 aria-hidden=%22true%22>A<\/span><span class=%22letter opacity-0%22 aria-hidden=%22true%22>N<\/span><span class=%22letter opacity-0%22 aria-hidden=%22true%22>E<\/span><span class=%22letter opacity-0%22 aria-hidden=%22true%22>I<\/span><span class=%22letter opacity-0%22 aria-hidden=%22true%22>R<\/span><span class=%22letter opacity-0%22 aria-hidden=%22true%22>O<\/span><span> <\/span><span class=%22letter opacity-0%22 aria-hidden=%22true%22>:<\/span><span> <\/span><\/h1>\n<h1 class=%22history__title text-center mx-auto text-3xl sm:text-5xl mb-8%22><span class=%22letter opacity-0%22 aria-hidden=%22true%22>C<\/span><span class=%22letter opacity-0%22 aria-hidden=%22true%22>I<\/span><span class=%22letter opacity-0%22 aria-hidden=%22true%22>D<\/span><span class=%22letter opacity-0%22 aria-hidden=%22true%22>A<\/span><span class=%22letter opacity-0%22 aria-hidden=%22true%22>D<\/span><span class=%22letter opacity-0%22 aria-hidden=%22true%22>E<\/span><span> <\/span><\/h1>\n<h1 class=%22history__title text-center mx-auto text-3xl sm:text-5xl mb-8%22><span class=%22letter opacity-0%22 aria-hidden=%22true%22>M<\/span><span class=%22letter opacity-0%22 aria-hidden=%22true%22>A<\/span><span class=%22letter opacity-0%22 aria-hidden=%22true%22>R<\/span><span class=%22letter opacity-0%22 aria-hidden=%22true%22>A<\/span><span class=%22letter opacity-0%22 aria-hidden=%22true%22>V<\/span><span class=%22letter opacity-0%22 aria-hidden=%22true%22>I<\/span><span class=%22letter opacity-0%22 aria-hidden=%22true%22>L<\/span><span class=%22letter opacity-0%22 aria-hidden=%22true%22>H<\/span><span class=%22letter opacity-0%22 aria-hidden=%22true%22>O<\/span><span class=%22letter opacity-0%22 aria-hidden=%22true%22>S<\/span><span class=%22letter opacity-0%22 aria-hidden=%22true%22>A<\/span><\/h1>\n<p>\u00a0\u00bb content_last_edited=\u00a0\u00bbon|tablet\u00a0\u00bb _builder_version=\u00a0\u00bb4.25.0&Prime; _module_preset=\u00a0\u00bbdefault\u00a0\u00bb header_font=\u00a0\u00bbMarcellus|||on|||||\u00a0\u00bb header_text_align=\u00a0\u00bbcenter\u00a0\u00bb header_font_size=\u00a0\u00bb40px\u00a0\u00bb custom_margin=\u00a0\u00bb0px||0px||true|false\u00a0\u00bb custom_padding=\u00a0\u00bb0px||0px||true|false\u00a0\u00bb header_font_size_tablet=\u00a0\u00bb35px\u00a0\u00bb header_font_size_phone=\u00a0\u00bb35px\u00a0\u00bb header_font_size_last_edited=\u00a0\u00bbon|tablet\u00a0\u00bb global_colors_info=\u00a0\u00bb{}\u00a0\u00bb]<\/p>\n<h1 class=\"history__title text-center mx-auto text-3xl sm:text-5xl mb-8\"><span class=\"letter opacity-0\" aria-hidden=\"true\">R<\/span><span class=\"letter opacity-0\" aria-hidden=\"true\">I<\/span><span class=\"letter opacity-0\" aria-hidden=\"true\">O<\/span><span>\u00a0<\/span><span class=\"letter opacity-0\" aria-hidden=\"true\">D<\/span><span class=\"letter opacity-0\" aria-hidden=\"true\">E<\/span><span>\u00a0<\/span><span class=\"letter opacity-0\" aria-hidden=\"true\">J<\/span><span class=\"letter opacity-0\" aria-hidden=\"true\">A<\/span><span class=\"letter opacity-0\" aria-hidden=\"true\">N<\/span><span class=\"letter opacity-0\" aria-hidden=\"true\">E<\/span><span class=\"letter opacity-0\" aria-hidden=\"true\">I<\/span><span class=\"letter opacity-0\" aria-hidden=\"true\">R<\/span><span class=\"letter opacity-0\" aria-hidden=\"true\">O<\/span><span>\u00a0<\/span><span class=\"letter opacity-0\" aria-hidden=\"true\">:<\/span><span>\u00a0<\/span><span class=\"letter opacity-0\" aria-hidden=\"true\">C<\/span><span class=\"letter opacity-0\" aria-hidden=\"true\">I<\/span><span class=\"letter opacity-0\" aria-hidden=\"true\">D<\/span><span class=\"letter opacity-0\" aria-hidden=\"true\">A<\/span><span class=\"letter opacity-0\" aria-hidden=\"true\">D<\/span><span class=\"letter opacity-0\" aria-hidden=\"true\">E<\/span><span>\u00a0<\/span><span class=\"letter opacity-0\" aria-hidden=\"true\">M<\/span><span class=\"letter opacity-0\" aria-hidden=\"true\">A<\/span><span class=\"letter opacity-0\" aria-hidden=\"true\">R<\/span><span class=\"letter opacity-0\" aria-hidden=\"true\">A<\/span><span class=\"letter opacity-0\" aria-hidden=\"true\">V<\/span><span class=\"letter opacity-0\" aria-hidden=\"true\">I<\/span><span class=\"letter opacity-0\" aria-hidden=\"true\">L<\/span><span class=\"letter opacity-0\" aria-hidden=\"true\">H<\/span><span class=\"letter opacity-0\" aria-hidden=\"true\">O<\/span><span class=\"letter opacity-0\" aria-hidden=\"true\">S<\/span><span class=\"letter opacity-0\" aria-hidden=\"true\">A<\/span><\/h1>\n<p>[\/et_pb_text][et_pb_image src=\u00a0\u00bbhttps:\/\/tijuca.fr\/wp-content\/uploads\/2024\/04\/separateur.png\u00a0\u00bb title_text=\u00a0\u00bbse\u0301parateur\u00a0\u00bb _builder_version=\u00a0\u00bb4.25.0&Prime; _module_preset=\u00a0\u00bbdefault\u00a0\u00bb width=\u00a0\u00bb14%\u00a0\u00bb width_tablet=\u00a0\u00bb80%\u00a0\u00bb width_phone=\u00a0\u00bb40%\u00a0\u00bb width_last_edited=\u00a0\u00bbon|phone\u00a0\u00bb module_alignment=\u00a0\u00bbcenter\u00a0\u00bb custom_margin=\u00a0\u00bb0px||0px||true|false\u00a0\u00bb custom_padding=\u00a0\u00bb0px||0px||true|false\u00a0\u00bb global_colors_info=\u00a0\u00bb{}\u00a0\u00bb][\/et_pb_image][et_pb_text _builder_version=\u00a0\u00bb4.25.0&Prime; _module_preset=\u00a0\u00bbdefault\u00a0\u00bb text_text_color=\u00a0\u00bb#FFFFFF\u00a0\u00bb header_5_text_color=\u00a0\u00bb#FFFFFF\u00a0\u00bb text_orientation=\u00a0\u00bbcenter\u00a0\u00bb width=\u00a0\u00bb80%\u00a0\u00bb width_tablet=\u00a0\u00bb100%\u00a0\u00bb width_phone=\u00a0\u00bb100%\u00a0\u00bb width_last_edited=\u00a0\u00bbon|phone\u00a0\u00bb module_alignment=\u00a0\u00bbcenter\u00a0\u00bb custom_padding=\u00a0\u00bb33px||33px||true|false\u00a0\u00bb global_colors_info=\u00a0\u00bb{}\u00a0\u00bb]<\/p>\n<div class=\"content-image__title opacity-0\">\n<div class=\"history__slice-title opacity-0 mt0\">\n<div class=\"content-image__title opacity-0\">\n<h2 class=\"title title-h2\">\u00a0LA CIT\u00c9 MERVEILLEUSE<\/h2>\n<p>Aucune autre ville au Monde ne peut rivaliser avec ses incroyables panoramas faits d\u2019une succession de baies et de plages au pied de reliefs escarp\u00e9s.<\/p>\n<p>Aucune autre ville au Monde ne symbolise autant la joie de vivre.<\/p>\n<p>Aucune autre ville au Monde n&rsquo;a autant m\u00e9rit\u00e9 son surnom de \u00ab\u00a0Cidade maravilhosa\u00a0\u00bb : la cit\u00e9 merveilleuse.<\/p>\n<\/div>\n<\/div>\n<\/div>\n<p>[\/et_pb_text][\/et_pb_column][\/et_pb_row][et_pb_row column_structure=\u00a0\u00bb1_2,1_2&Prime; _builder_version=\u00a0\u00bb4.25.0&Prime; _module_preset=\u00a0\u00bbdefault\u00a0\u00bb custom_margin=\u00a0\u00bb0px||||false|false\u00a0\u00bb custom_padding=\u00a0\u00bb0px||||false|false\u00a0\u00bb animation_style=\u00a0\u00bbslide\u00a0\u00bb animation_direction=\u00a0\u00bbbottom\u00a0\u00bb global_colors_info=\u00a0\u00bb{}\u00a0\u00bb][et_pb_column type=\u00a0\u00bb1_2&Prime; _builder_version=\u00a0\u00bb4.25.0&Prime; _module_preset=\u00a0\u00bbdefault\u00a0\u00bb global_colors_info=\u00a0\u00bb{}\u00a0\u00bb][et_pb_image src=\u00a0\u00bbhttps:\/\/tijuca.fr\/wp-content\/uploads\/2024\/05\/2-11.avif\u00a0\u00bb title_text=\u00a0\u00bb2&Prime; _builder_version=\u00a0\u00bb4.25.0&Prime; _module_preset=\u00a0\u00bbdefault\u00a0\u00bb global_colors_info=\u00a0\u00bb{}\u00a0\u00bb][\/et_pb_image][\/et_pb_column][et_pb_column type=\u00a0\u00bb1_2&Prime; _builder_version=\u00a0\u00bb4.25.0&Prime; _module_preset=\u00a0\u00bbdefault\u00a0\u00bb global_colors_info=\u00a0\u00bb{}\u00a0\u00bb][et_pb_text _builder_version=\u00a0\u00bb4.25.0&Prime; _module_preset=\u00a0\u00bbdefault\u00a0\u00bb text_text_color=\u00a0\u00bb#FFFFFF\u00a0\u00bb header_5_text_color=\u00a0\u00bb#FFFFFF\u00a0\u00bb text_orientation=\u00a0\u00bbjustified\u00a0\u00bb custom_padding=\u00a0\u00bb37px||37px||true|false\u00a0\u00bb global_colors_info=\u00a0\u00bb{}\u00a0\u00bb]<\/p>\n<div class=\"content-image__title opacity-0\">\n<div class=\"history__slice-title opacity-0 mt0\">\n<div class=\"content-image__title opacity-0\">\n<div class=\"content-image__title opacity-0\">\n<div class=\"content-image__title opacity-0\">\n<div class=\"content-image__title opacity-0\">\n<div class=\"content-image__title opacity-0\">\n<h3 class=\"title title-h3\">UNE EXP\u00c9RIENCE INOUBLIABLE.<\/h3>\n<\/div>\n<div class=\"content-image__content opacity-0\">\n<p>Que vous grimpiez au sommet du\u00a0Corcovado\u00a0ou du\u00a0Pain de Sucre\u00a0pour profiter des vues \u00e9poustouflantes ou que vous d\u00e9ambuliez le long des mythiques\u00a0plages de Copacabana\u00a0ou d\u2019Ipanema pour admirer le spectacle de la joyeuse foule des baigneurs, vos souvenirs seront \u00e9ternels.<\/p>\n<p>Rio ne se r\u00e9sume pas \u00e0 une ville formidable, c\u2019est aussi un irr\u00e9sistible art de vivre teint\u00e9 d&rsquo;h\u00e9donisme.<\/p>\n<p>Les habitants de Rio, les\u00a0Cariocas, y sont pour beaucoup : chaleureux, expansifs, s\u00e9ducteurs, on ne peut qu\u2019avoir envie de f\u00eater la vie avec eux et pas seulement les jours de carnaval !<\/p>\n<\/div>\n<\/div>\n<\/div>\n<\/div>\n<\/div>\n<\/div>\n<\/div>\n<p>[\/et_pb_text][\/et_pb_column][\/et_pb_row][et_pb_row column_structure=\u00a0\u00bb1_2,1_2&Prime; _builder_version=\u00a0\u00bb4.25.0&Prime; _module_preset=\u00a0\u00bbdefault\u00a0\u00bb animation_style=\u00a0\u00bbslide\u00a0\u00bb animation_direction=\u00a0\u00bbbottom\u00a0\u00bb global_colors_info=\u00a0\u00bb{}\u00a0\u00bb][et_pb_column type=\u00a0\u00bb1_2&Prime; _builder_version=\u00a0\u00bb4.25.0&Prime; _module_preset=\u00a0\u00bbdefault\u00a0\u00bb custom_padding=\u00a0\u00bb28px||28px||true|false\u00a0\u00bb global_colors_info=\u00a0\u00bb{}\u00a0\u00bb][et_pb_text _builder_version=\u00a0\u00bb4.25.0&Prime; _module_preset=\u00a0\u00bbdefault\u00a0\u00bb text_text_color=\u00a0\u00bb#FFFFFF\u00a0\u00bb text_orientation=\u00a0\u00bbjustified\u00a0\u00bb custom_padding=\u00a0\u00bb12px||12px||true|false\u00a0\u00bb global_colors_info=\u00a0\u00bb{}\u00a0\u00bb]<\/p>\n<div class=\"content-image__title opacity-0\">\n<div class=\"content-image__title opacity-0\">\n<div class=\"content-image__title opacity-0\">\n<div class=\"content-image__title opacity-0\">\n<div class=\"content-image__title opacity-0\">\n<div class=\"content-image__title opacity-0\">\n<div class=\"content-image__title opacity-0\">\n<h2 class=\"content-image__title opacity-0 mt-0\">TOMB\u00c9S SOUS LE CHARME.<\/h2>\n<div class=\"content-image__content opacity-0\">\n<p>La for\u00eat de Tijuca o\u00f9 se dresse fi\u00e8rement la statue du Christ r\u00e9dempteur sur le mont Corcovado est le poumon vert de Rio de Janeiro.<\/p>\n<p>Si TIJUCA a emprunt\u00e9 son nom \u00e0 cette for\u00eat embl\u00e9matique, c&rsquo;est parce que nous avons con\u00e7u notre marque comme une invitation \u00e0 partager notre passion pour cette ville dont nous sommes tomb\u00e9s sous le charme.<\/p>\n<p>Seja bem vindos ao Rio e aproveite a vida\u00a0!*<\/p>\n<p><span>Bienvenue \u00e0 Rio et profitez de la vie !<\/span><\/p>\n<\/div>\n<\/div>\n<\/div>\n<\/div>\n<\/div>\n<\/div>\n<\/div>\n<\/div>\n<p>[\/et_pb_text][\/et_pb_column][et_pb_column type=\u00a0\u00bb1_2&Prime; _builder_version=\u00a0\u00bb4.25.0&Prime; _module_preset=\u00a0\u00bbdefault\u00a0\u00bb global_colors_info=\u00a0\u00bb{}\u00a0\u00bb][et_pb_image src=\u00a0\u00bbhttps:\/\/tijuca.fr\/wp-content\/uploads\/2024\/05\/3-10.avif\u00a0\u00bb title_text=\u00a0\u00bb3&Prime; _builder_version=\u00a0\u00bb4.25.0&Prime; _module_preset=\u00a0\u00bbdefault\u00a0\u00bb global_colors_info=\u00a0\u00bb{}\u00a0\u00bb][\/et_pb_image][\/et_pb_column][\/et_pb_row][et_pb_row _builder_version=\u00a0\u00bb4.25.0&Prime; _module_preset=\u00a0\u00bbdefault\u00a0\u00bb animation_style=\u00a0\u00bbslide\u00a0\u00bb animation_direction=\u00a0\u00bbbottom\u00a0\u00bb global_colors_info=\u00a0\u00bb{}\u00a0\u00bb][et_pb_column type=\u00a0\u00bb4_4&Prime; _builder_version=\u00a0\u00bb4.25.0&Prime; _module_preset=\u00a0\u00bbdefault\u00a0\u00bb global_colors_info=\u00a0\u00bb{}\u00a0\u00bb][et_pb_button button_url=\u00a0\u00bb@ET-DC@eyJkeW5hbWljIjp0cnVlLCJjb250ZW50IjoicG9zdF9saW5rX3VybF9wYWdlIiwic2V0dGluZ3MiOnsicG9zdF9pZCI6IjE5MTUifX0=@\u00a0\u00bb button_text=\u00a0\u00bbRETOUR\u00a0\u00bb button_alignment=\u00a0\u00bbcenter\u00a0\u00bb _builder_version=\u00a0\u00bb4.25.0&Prime; _dynamic_attributes=\u00a0\u00bbbutton_url\u00a0\u00bb _module_preset=\u00a0\u00bbdefault\u00a0\u00bb custom_button=\u00a0\u00bbon\u00a0\u00bb button_text_size=\u00a0\u00bb17px\u00a0\u00bb button_border_width=\u00a0\u00bb1px\u00a0\u00bb button_border_radius=\u00a0\u00bb0px\u00a0\u00bb hover_enabled=\u00a0\u00bb0&Prime; global_colors_info=\u00a0\u00bb{}\u00a0\u00bb sticky_enabled=\u00a0\u00bb0&Prime;][\/et_pb_button][et_pb_image src=\u00a0\u00bbhttps:\/\/tijuca.fr\/wp-content\/uploads\/2024\/04\/ILLU-PAGE.png\u00a0\u00bb title_text=\u00a0\u00bbILLU PAGE\u00a0\u00bb _builder_version=\u00a0\u00bb4.16&Prime; _module_preset=\u00a0\u00bbdefault\u00a0\u00bb max_width=\u00a0\u00bb20%\u00a0\u00bb module_alignment=\u00a0\u00bbcenter\u00a0\u00bb global_colors_info=\u00a0\u00bb{}\u00a0\u00bb][\/et_pb_image][\/et_pb_column][\/et_pb_row][\/et_pb_section]<\/p>\n","protected":false},"excerpt":{"rendered":"<p>RIO\u00a0DE\u00a0JANEIRO\u00a0:\u00a0CIDADE\u00a0MARAVILHOSA \u00a0LA CIT\u00c9 MERVEILLEUSE Aucune autre ville au Monde ne peut rivaliser avec ses incroyables panoramas faits d\u2019une succession de baies et de plages au pied de reliefs escarp\u00e9s. Aucune autre ville au Monde ne symbolise autant la joie de vivre. Aucune autre ville au Monde n&rsquo;a autant m\u00e9rit\u00e9 son surnom de \u00ab\u00a0Cidade maravilhosa\u00a0\u00bb : [&hellip;]<\/p>\n","protected":false},"author":1,"featured_media":0,"parent":0,"menu_order":0,"comment_status":"closed","ping_status":"closed","template":"","meta":{"_et_pb_use_builder":"on","_et_pb_old_content":"<!-- wp:divi\/placeholder \/-->","_et_gb_content_width":"","footnotes":""},"class_list":["post-622","page","type-page","status-publish","hentry"],"_links":{"self":[{"href":"https:\/\/tijuca.fr\/en\/wp-json\/wp\/v2\/pages\/622","targetHints":{"allow":["GET"]}}],"collection":[{"href":"https:\/\/tijuca.fr\/en\/wp-json\/wp\/v2\/pages"}],"about":[{"href":"https:\/\/tijuca.fr\/en\/wp-json\/wp\/v2\/types\/page"}],"author":[{"embeddable":true,"href":"https:\/\/tijuca.fr\/en\/wp-json\/wp\/v2\/users\/1"}],"replies":[{"embeddable":true,"href":"https:\/\/tijuca.fr\/en\/wp-json\/wp\/v2\/comments?post=622"}],"version-history":[{"count":16,"href":"https:\/\/tijuca.fr\/en\/wp-json\/wp\/v2\/pages\/622\/revisions"}],"predecessor-version":[{"id":2016,"href":"https:\/\/tijuca.fr\/en\/wp-json\/wp\/v2\/pages\/622\/revisions\/2016"}],"wp:attachment":[{"href":"https:\/\/tijuca.fr\/en\/wp-json\/wp\/v2\/media?parent=622"}],"curies":[{"name":"wp","href":"https:\/\/api.w.org\/{rel}","templated":true}]}}