{"id":760,"date":"2024-05-30T11:05:14","date_gmt":"2024-05-30T11:05:14","guid":{"rendered":"https:\/\/tijuca.fr\/?page_id=760"},"modified":"2024-12-17T13:51:17","modified_gmt":"2024-12-17T13:51:17","slug":"tijuca-makes-its-ranges","status":"publish","type":"page","link":"https:\/\/tijuca.fr\/en\/tijuca-makes-its-ranges\/","title":{"rendered":"TIJUCA MAKES ITS RANGE"},"content":{"rendered":"<p>[et_pb_section fb_built=\u00a0\u00bb1&Prime; _builder_version=\u00a0\u00bb4.25.2&Prime; _module_preset=\u00a0\u00bbdefault\u00a0\u00bb background_enable_color=\u00a0\u00bboff\u00a0\u00bb use_background_color_gradient=\u00a0\u00bbon\u00a0\u00bb background_color_gradient_stops=\u00a0\u00bb#0a0202 0%|#ffffff 55%|#0a0a0a 100%\u00a0\u00bb background_image=\u00a0\u00bbhttps:\/\/tijuca.fr\/wp-content\/uploads\/2024\/05\/AUTRE.jpg\u00a0\u00bb background_position=\u00a0\u00bbtop_right\u00a0\u00bb background_blend=\u00a0\u00bbmultiply\u00a0\u00bb width=\u00a0\u00bb100%\u00a0\u00bb max_width=\u00a0\u00bb100%\u00a0\u00bb min_height=\u00a0\u00bb304px\u00a0\u00bb height=\u00a0\u00bb100px\u00a0\u00bb custom_padding=\u00a0\u00bb140px||90px||false|false\u00a0\u00bb bottom_divider_flip=\u00a0\u00bbhorizontal\u00a0\u00bb locked=\u00a0\u00bboff\u00a0\u00bb global_colors_info=\u00a0\u00bb{}\u00a0\u00bb][et_pb_row _builder_version=\u00a0\u00bb4.25.0&Prime; _module_preset=\u00a0\u00bbdefault\u00a0\u00bb global_colors_info=\u00a0\u00bb{}\u00a0\u00bb][et_pb_column type=\u00a0\u00bb4_4&Prime; _builder_version=\u00a0\u00bb4.25.0&Prime; _module_preset=\u00a0\u00bbdefault\u00a0\u00bb global_colors_info=\u00a0\u00bb{}\u00a0\u00bb][et_pb_text _builder_version=\u00a0\u00bb4.25.2&Prime; _module_preset=\u00a0\u00bbdefault\u00a0\u00bb text_font=\u00a0\u00bb|800|||||||\u00a0\u00bb text_text_color=\u00a0\u00bb#FFFFFF\u00a0\u00bb text_font_size=\u00a0\u00bb16px\u00a0\u00bb text_orientation=\u00a0\u00bbcenter\u00a0\u00bb custom_margin=\u00a0\u00bb0px||0px||true|false\u00a0\u00bb custom_padding=\u00a0\u00bb0px||0px||true|false\u00a0\u00bb global_colors_info=\u00a0\u00bb{}\u00a0\u00bb][\/et_pb_text][\/et_pb_column][\/et_pb_row][\/et_pb_section][et_pb_section fb_built=\u00a0\u00bb1&Prime; _builder_version=\u00a0\u00bb4.16&Prime; _module_preset=\u00a0\u00bbdefault\u00a0\u00bb background_color=\u00a0\u00bb#000000&Prime; custom_padding=\u00a0\u00bb0px||||false|false\u00a0\u00bb global_colors_info=\u00a0\u00bb{}\u00a0\u00bb][et_pb_row _builder_version=\u00a0\u00bb4.25.0&Prime; _module_preset=\u00a0\u00bbdefault\u00a0\u00bb animation_style=\u00a0\u00bbslide\u00a0\u00bb animation_direction=\u00a0\u00bbbottom\u00a0\u00bb global_colors_info=\u00a0\u00bb{}\u00a0\u00bb][et_pb_column type=\u00a0\u00bb4_4&Prime; _builder_version=\u00a0\u00bb4.16&Prime; _module_preset=\u00a0\u00bbdefault\u00a0\u00bb global_colors_info=\u00a0\u00bb{}\u00a0\u00bb][et_pb_text content_tablet=\u00a0\u00bb<\/p>\n<h1>TIJUCA FAIT SES GAMMES<\/h1>\n<p>\u00a0\u00bb content_phone=\u00a0\u00bb<\/p>\n<h1>TIJUCA FAIT SES GAMMES<\/h1>\n<p>\u00a0\u00bb content_last_edited=\u00a0\u00bbon|tablet\u00a0\u00bb _builder_version=\u00a0\u00bb4.25.0&Prime; _module_preset=\u00a0\u00bbdefault\u00a0\u00bb header_font=\u00a0\u00bbMarcellus|||on|||||\u00a0\u00bb header_text_align=\u00a0\u00bbcenter\u00a0\u00bb header_font_size=\u00a0\u00bb40px\u00a0\u00bb custom_margin=\u00a0\u00bb0px||0px||true|false\u00a0\u00bb custom_padding=\u00a0\u00bb0px||0px||true|false\u00a0\u00bb global_colors_info=\u00a0\u00bb{}\u00a0\u00bb]<\/p>\n<h1>TIJUCA\u00a0FAIT\u00a0SES\u00a0GAMMES<\/h1>\n<p>[\/et_pb_text][et_pb_image src=\u00a0\u00bbhttps:\/\/tijuca.fr\/wp-content\/uploads\/2024\/04\/separateur.png\u00a0\u00bb title_text=\u00a0\u00bbse\u0301parateur\u00a0\u00bb _builder_version=\u00a0\u00bb4.25.0&Prime; _module_preset=\u00a0\u00bbdefault\u00a0\u00bb width=\u00a0\u00bb14%\u00a0\u00bb module_alignment=\u00a0\u00bbcenter\u00a0\u00bb custom_margin=\u00a0\u00bb0px||0px||true|false\u00a0\u00bb custom_padding=\u00a0\u00bb0px||0px||true|false\u00a0\u00bb hover_enabled=\u00a0\u00bb0&Prime; global_colors_info=\u00a0\u00bb{}\u00a0\u00bb width_last_edited=\u00a0\u00bbon|phone\u00a0\u00bb sticky_enabled=\u00a0\u00bb0&Prime; width_phone=\u00a0\u00bb30%\u00a0\u00bb width_tablet=\u00a0\u00bb14%\u00a0\u00bb][\/et_pb_image][\/et_pb_column][\/et_pb_row][et_pb_row column_structure=\u00a0\u00bb1_2,1_2&Prime; _builder_version=\u00a0\u00bb4.25.0&Prime; _module_preset=\u00a0\u00bbdefault\u00a0\u00bb custom_margin=\u00a0\u00bb0px||||false|false\u00a0\u00bb custom_padding=\u00a0\u00bb0px||||false|false\u00a0\u00bb animation_style=\u00a0\u00bbslide\u00a0\u00bb animation_direction=\u00a0\u00bbbottom\u00a0\u00bb global_colors_info=\u00a0\u00bb{}\u00a0\u00bb][et_pb_column type=\u00a0\u00bb1_2&Prime; _builder_version=\u00a0\u00bb4.25.0&Prime; _module_preset=\u00a0\u00bbdefault\u00a0\u00bb global_colors_info=\u00a0\u00bb{}\u00a0\u00bb][et_pb_image src=\u00a0\u00bbhttps:\/\/tijuca.fr\/wp-content\/uploads\/2024\/05\/2-17.avif\u00a0\u00bb title_text=\u00a0\u00bb2&Prime; _builder_version=\u00a0\u00bb4.25.0&Prime; _module_preset=\u00a0\u00bbdefault\u00a0\u00bb global_colors_info=\u00a0\u00bb{}\u00a0\u00bb][\/et_pb_image][\/et_pb_column][et_pb_column type=\u00a0\u00bb1_2&Prime; _builder_version=\u00a0\u00bb4.25.0&Prime; _module_preset=\u00a0\u00bbdefault\u00a0\u00bb global_colors_info=\u00a0\u00bb{}\u00a0\u00bb][et_pb_text _builder_version=\u00a0\u00bb4.25.0&Prime; _module_preset=\u00a0\u00bbdefault\u00a0\u00bb text_text_color=\u00a0\u00bb#FFFFFF\u00a0\u00bb header_5_text_color=\u00a0\u00bb#FFFFFF\u00a0\u00bb text_orientation=\u00a0\u00bbjustified\u00a0\u00bb custom_padding=\u00a0\u00bb68px||68px||true|false\u00a0\u00bb global_colors_info=\u00a0\u00bb{}\u00a0\u00bb]<\/p>\n<div class=\"content-image__title opacity-0\">\n<div class=\"history__slice-title opacity-0 mt0\">\n<div class=\"content-image__title opacity-0\">\n<div class=\"content-image__title opacity-0\">\n<div class=\"content-image__title opacity-0\">\n<div class=\"content-image__title opacity-0\">\n<div class=\"content-image__title opacity-0\">\n<div class=\"content-image__title opacity-0\">\n<div class=\"content-image__title opacity-0\">\n<div class=\"content-image__title opacity-0\">\n<h3 class=\"title title-h3\">UNE GAMME EN DEVENIR<\/h3>\n<\/div>\n<div class=\"content-image__content opacity-0\">\n<p>Forte du succ\u00e8s du brazilian blended rum, TIJUCA propose progressivement une gamme compl\u00e8te de spiritueux \u00e0 base de blends de cacha\u00e7as. Nous souhaitons ainsi vous permettre de d\u00e9couvrir les infinies richesses des terroirs br\u00e9siliens et le savoir-faire de leurs<em><span>\u00a0<\/span>mestres cachaceiros.<\/em><\/p>\n<p>Notre gamme en devenir reste fid\u00e8le \u00e0 l\u2019ADN de TIJUCA : des produits de qualit\u00e9, inventifs et propres \u00e0 renouveler votre int\u00e9r\u00eat pour le rhum. Tout cela en respectant nos engagements \u00e9co-responsables.<\/p>\n<\/div>\n<\/div>\n<\/div>\n<\/div>\n<\/div>\n<\/div>\n<\/div>\n<\/div>\n<\/div>\n<\/div>\n<p>[\/et_pb_text][\/et_pb_column][\/et_pb_row][et_pb_row column_structure=\u00a0\u00bb1_2,1_2&Prime; _builder_version=\u00a0\u00bb4.25.0&Prime; _module_preset=\u00a0\u00bbdefault\u00a0\u00bb animation_style=\u00a0\u00bbslide\u00a0\u00bb animation_direction=\u00a0\u00bbbottom\u00a0\u00bb global_colors_info=\u00a0\u00bb{}\u00a0\u00bb][et_pb_column type=\u00a0\u00bb1_2&Prime; _builder_version=\u00a0\u00bb4.25.0&Prime; _module_preset=\u00a0\u00bbdefault\u00a0\u00bb custom_padding=\u00a0\u00bb25px||25px||true|false\u00a0\u00bb global_colors_info=\u00a0\u00bb{}\u00a0\u00bb][et_pb_text _builder_version=\u00a0\u00bb4.25.0&Prime; _module_preset=\u00a0\u00bbdefault\u00a0\u00bb text_text_color=\u00a0\u00bb#FFFFFF\u00a0\u00bb text_orientation=\u00a0\u00bbjustified\u00a0\u00bb custom_padding=\u00a0\u00bb15px||15px||true|false\u00a0\u00bb global_colors_info=\u00a0\u00bb{}\u00a0\u00bb]<\/p>\n<div class=\"content-image__title opacity-0\">\n<div class=\"content-image__title opacity-0\">\n<div class=\"content-image__title opacity-0\">\n<div class=\"content-image__title opacity-0\">\n<div class=\"content-image__title opacity-0\">\n<div class=\"content-image__title opacity-0\">\n<div class=\"content-image__title opacity-0\">\n<div class=\"content-image__title opacity-0\">\n<div class=\"content-image__title opacity-0\">\n<h3 class=\"title title-h3\">DES CACHA\u00c7AS ET DES RHUMS<\/h3>\n<\/div>\n<div class=\"content-image__content opacity-0\">\n<p>En 2021, TIJUCA a mis sur le march\u00e9 un blend de cacha\u00e7as blanches issues de l&rsquo;agriculture biologique, \u00e9lev\u00e9es sous diff\u00e9rents bois et affin\u00e9es avec soin par un de nos producteurs. Baptis\u00e9e SINGLE ORGANIC CACHACA, il s&rsquo;agit d&rsquo; une recette originale, particuli\u00e8rement adapt\u00e9e \u00e0 l\u2019\u00e9laboration de la ca\u00efpirinha et de nos autres cocktails signatures.<\/p>\n<p>En 2022 est n\u00e9 TIJUCA NATIVE WOODS, un rhum sec, sans sucre, blend de cinq bois br\u00e9siliens refl\u00e9tant parfaitement la biodiversit\u00e9 que TIJUCA souhaite mettre en avant.<\/p>\n<\/div>\n<\/div>\n<\/div>\n<\/div>\n<\/div>\n<\/div>\n<\/div>\n<\/div>\n<\/div>\n<p>[\/et_pb_text][\/et_pb_column][et_pb_column type=\u00a0\u00bb1_2&Prime; _builder_version=\u00a0\u00bb4.25.0&Prime; _module_preset=\u00a0\u00bbdefault\u00a0\u00bb global_colors_info=\u00a0\u00bb{}\u00a0\u00bb][et_pb_image src=\u00a0\u00bbhttps:\/\/tijuca.fr\/wp-content\/uploads\/2024\/05\/3-15.avif\u00a0\u00bb title_text=\u00a0\u00bb3&Prime; _builder_version=\u00a0\u00bb4.25.0&Prime; _module_preset=\u00a0\u00bbdefault\u00a0\u00bb global_colors_info=\u00a0\u00bb{}\u00a0\u00bb][\/et_pb_image][\/et_pb_column][\/et_pb_row][et_pb_row column_structure=\u00a0\u00bb1_2,1_2&Prime; _builder_version=\u00a0\u00bb4.25.0&Prime; _module_preset=\u00a0\u00bbdefault\u00a0\u00bb animation_style=\u00a0\u00bbslide\u00a0\u00bb animation_direction=\u00a0\u00bbbottom\u00a0\u00bb global_colors_info=\u00a0\u00bb{}\u00a0\u00bb][et_pb_column type=\u00a0\u00bb1_2&Prime; _builder_version=\u00a0\u00bb4.25.0&Prime; _module_preset=\u00a0\u00bbdefault\u00a0\u00bb global_colors_info=\u00a0\u00bb{}\u00a0\u00bb][et_pb_image src=\u00a0\u00bbhttps:\/\/tijuca.fr\/wp-content\/uploads\/2024\/05\/4-9.avif\u00a0\u00bb title_text=\u00a0\u00bb4&Prime; _builder_version=\u00a0\u00bb4.25.0&Prime; _module_preset=\u00a0\u00bbdefault\u00a0\u00bb global_colors_info=\u00a0\u00bb{}\u00a0\u00bb][\/et_pb_image][\/et_pb_column][et_pb_column type=\u00a0\u00bb1_2&Prime; _builder_version=\u00a0\u00bb4.25.0&Prime; _module_preset=\u00a0\u00bbdefault\u00a0\u00bb custom_padding=\u00a0\u00bb13px||13px||true|false\u00a0\u00bb global_colors_info=\u00a0\u00bb{}\u00a0\u00bb][et_pb_text _builder_version=\u00a0\u00bb4.25.0&Prime; _module_preset=\u00a0\u00bbdefault\u00a0\u00bb text_text_color=\u00a0\u00bb#FFFFFF\u00a0\u00bb text_orientation=\u00a0\u00bbjustified\u00a0\u00bb custom_padding=\u00a0\u00bb65px||65px||true|false\u00a0\u00bb global_colors_info=\u00a0\u00bb{}\u00a0\u00bb]<\/p>\n<div class=\"content-image__title opacity-0\">\n<div class=\"content-image__title opacity-0\">\n<div class=\"content-image__title opacity-0\">\n<div class=\"content-image__title opacity-0\">\n<div class=\"content-image__title opacity-0\">\n<div class=\"content-image__title opacity-0\">\n<div class=\"content-image__title opacity-0\">\n<div class=\"content-image__title opacity-0\">\n<div class=\"content-image__title opacity-0\">\n<div class=\"content-image__title opacity-0\">\n<h3 class=\"title title-h3\">ET MAINTENANT CAPY<\/h3>\n<\/div>\n<div class=\"content-image__content opacity-0\">\n<p>En septembre 2023 est n\u00e9e<span>\u00a0<\/span><strong>CAPY,<\/strong><span>\u00a0<\/span>une cacha\u00e7a d&rsquo;alambic, issue d&rsquo;un blend inox et jequitiba.<\/p>\n<p>Toujours fid\u00e8le \u00e0 l&rsquo;ADN de TIJUCA mariant innovation et qualit\u00e9, CAPY est le premier produit de notre nouvelle gamme craft.<\/p>\n<p>Cette gamme est destin\u00e9e essentiellement aux CHR qui souhaitent disposer d&rsquo;une cacha\u00e7a de terroir authentique et distill\u00e9e avec soin pour proposer des cocktails \u00e0 des prix plus abordables.<\/p>\n<\/div>\n<\/div>\n<\/div>\n<\/div>\n<\/div>\n<\/div>\n<\/div>\n<\/div>\n<\/div>\n<\/div>\n<p>[\/et_pb_text][\/et_pb_column][\/et_pb_row][et_pb_row column_structure=\u00a0\u00bb1_2,1_2&Prime; _builder_version=\u00a0\u00bb4.25.0&Prime; _module_preset=\u00a0\u00bbdefault\u00a0\u00bb animation_style=\u00a0\u00bbslide\u00a0\u00bb animation_direction=\u00a0\u00bbbottom\u00a0\u00bb global_colors_info=\u00a0\u00bb{}\u00a0\u00bb][et_pb_column type=\u00a0\u00bb1_2&Prime; _builder_version=\u00a0\u00bb4.25.0&Prime; _module_preset=\u00a0\u00bbdefault\u00a0\u00bb custom_padding=\u00a0\u00bb83px||83px||true|false\u00a0\u00bb global_colors_info=\u00a0\u00bb{}\u00a0\u00bb][et_pb_text _builder_version=\u00a0\u00bb4.25.0&Prime; _module_preset=\u00a0\u00bbdefault\u00a0\u00bb text_text_color=\u00a0\u00bb#FFFFFF\u00a0\u00bb text_orientation=\u00a0\u00bbjustified\u00a0\u00bb custom_padding=\u00a0\u00bb30px||30px||true|false\u00a0\u00bb global_colors_info=\u00a0\u00bb{}\u00a0\u00bb]<\/p>\n<div class=\"content-image__title opacity-0\">\n<div class=\"content-image__title opacity-0\">\n<div class=\"content-image__title opacity-0\">\n<div class=\"content-image__title opacity-0\">\n<div class=\"content-image__title opacity-0\">\n<div class=\"content-image__title opacity-0\">\n<div class=\"content-image__title opacity-0\">\n<div class=\"content-image__title opacity-0\">\n<div class=\"content-image__title opacity-0\">\n<div class=\"content-image__title opacity-0\">\n<h3 class=\"title title-h3\">DANS LE FUTUR&#8230;<\/h3>\n<\/div>\n<div class=\"content-image__content opacity-0\">\n<p>Dans le futur, TIJUCA vous fera encore d\u00e9couvrir d\u2019autres produits toujours plus inventifs.<\/p>\n<p>N\u00e9e dans le Br\u00e9sil d&rsquo;aujourd&rsquo;hui, la gamme TIJUCA\u00a0 refl\u00e8tera la r\u00e9alit\u00e9 du pays, \u00e0 la fois urbain et rural, ancr\u00e9 dans la tradition mais aussi tourn\u00e9 vers la modernit\u00e9.<\/p>\n<\/div>\n<\/div>\n<\/div>\n<\/div>\n<\/div>\n<\/div>\n<\/div>\n<\/div>\n<\/div>\n<\/div>\n<p>[\/et_pb_text][\/et_pb_column][et_pb_column type=\u00a0\u00bb1_2&Prime; _builder_version=\u00a0\u00bb4.25.0&Prime; _module_preset=\u00a0\u00bbdefault\u00a0\u00bb global_colors_info=\u00a0\u00bb{}\u00a0\u00bb][et_pb_image src=\u00a0\u00bbhttps:\/\/tijuca.fr\/wp-content\/uploads\/2024\/05\/5-7.avif\u00a0\u00bb title_text=\u00a0\u00bb5&Prime; _builder_version=\u00a0\u00bb4.25.0&Prime; _module_preset=\u00a0\u00bbdefault\u00a0\u00bb global_colors_info=\u00a0\u00bb{}\u00a0\u00bb][\/et_pb_image][\/et_pb_column][\/et_pb_row][et_pb_row _builder_version=\u00a0\u00bb4.25.0&Prime; _module_preset=\u00a0\u00bbdefault\u00a0\u00bb animation_style=\u00a0\u00bbslide\u00a0\u00bb animation_direction=\u00a0\u00bbbottom\u00a0\u00bb global_colors_info=\u00a0\u00bb{}\u00a0\u00bb][et_pb_column type=\u00a0\u00bb4_4&Prime; _builder_version=\u00a0\u00bb4.25.0&Prime; _module_preset=\u00a0\u00bbdefault\u00a0\u00bb global_colors_info=\u00a0\u00bb{}\u00a0\u00bb][et_pb_button button_url=\u00a0\u00bb@ET-DC@eyJkeW5hbWljIjp0cnVlLCJjb250ZW50IjoicG9zdF9saW5rX3VybF9wYWdlIiwic2V0dGluZ3MiOnsicG9zdF9pZCI6IjE5MTUifX0=@\u00a0\u00bb button_text=\u00a0\u00bbRETOUR\u00a0\u00bb button_alignment=\u00a0\u00bbcenter\u00a0\u00bb _builder_version=\u00a0\u00bb4.25.0&Prime; _dynamic_attributes=\u00a0\u00bbbutton_url\u00a0\u00bb _module_preset=\u00a0\u00bbdefault\u00a0\u00bb custom_button=\u00a0\u00bbon\u00a0\u00bb button_text_size=\u00a0\u00bb17px\u00a0\u00bb button_border_width=\u00a0\u00bb1px\u00a0\u00bb button_border_radius=\u00a0\u00bb0px\u00a0\u00bb global_colors_info=\u00a0\u00bb{}\u00a0\u00bb][\/et_pb_button][et_pb_image src=\u00a0\u00bbhttps:\/\/tijuca.fr\/wp-content\/uploads\/2024\/04\/ILLU-PAGE.png\u00a0\u00bb title_text=\u00a0\u00bbILLU PAGE\u00a0\u00bb _builder_version=\u00a0\u00bb4.16&Prime; _module_preset=\u00a0\u00bbdefault\u00a0\u00bb max_width=\u00a0\u00bb20%\u00a0\u00bb module_alignment=\u00a0\u00bbcenter\u00a0\u00bb global_colors_info=\u00a0\u00bb{}\u00a0\u00bb][\/et_pb_image][\/et_pb_column][\/et_pb_row][\/et_pb_section]<\/p>\n","protected":false},"excerpt":{"rendered":"<p>TIJUCA\u00a0FAIT\u00a0SES\u00a0GAMMES UNE GAMME EN DEVENIR Forte du succ\u00e8s du brazilian blended rum, TIJUCA propose progressivement une gamme compl\u00e8te de spiritueux \u00e0 base de blends de cacha\u00e7as. Nous souhaitons ainsi vous permettre de d\u00e9couvrir les infinies richesses des terroirs br\u00e9siliens et le savoir-faire de leurs\u00a0mestres cachaceiros. Notre gamme en devenir reste fid\u00e8le \u00e0 l\u2019ADN de TIJUCA [&hellip;]<\/p>\n","protected":false},"author":1,"featured_media":0,"parent":0,"menu_order":0,"comment_status":"closed","ping_status":"closed","template":"","meta":{"_et_pb_use_builder":"on","_et_pb_old_content":"<!-- wp:divi\/placeholder \/-->","_et_gb_content_width":"","footnotes":""},"class_list":["post-760","page","type-page","status-publish","hentry"],"_links":{"self":[{"href":"https:\/\/tijuca.fr\/en\/wp-json\/wp\/v2\/pages\/760","targetHints":{"allow":["GET"]}}],"collection":[{"href":"https:\/\/tijuca.fr\/en\/wp-json\/wp\/v2\/pages"}],"about":[{"href":"https:\/\/tijuca.fr\/en\/wp-json\/wp\/v2\/types\/page"}],"author":[{"embeddable":true,"href":"https:\/\/tijuca.fr\/en\/wp-json\/wp\/v2\/users\/1"}],"replies":[{"embeddable":true,"href":"https:\/\/tijuca.fr\/en\/wp-json\/wp\/v2\/comments?post=760"}],"version-history":[{"count":21,"href":"https:\/\/tijuca.fr\/en\/wp-json\/wp\/v2\/pages\/760\/revisions"}],"predecessor-version":[{"id":2261,"href":"https:\/\/tijuca.fr\/en\/wp-json\/wp\/v2\/pages\/760\/revisions\/2261"}],"wp:attachment":[{"href":"https:\/\/tijuca.fr\/en\/wp-json\/wp\/v2\/media?parent=760"}],"curies":[{"name":"wp","href":"https:\/\/api.w.org\/{rel}","templated":true}]}}