{"id":174,"date":"2024-04-29T12:55:44","date_gmt":"2024-04-29T12:55:44","guid":{"rendered":"https:\/\/tijuca.fr\/?post_type=product&#038;p=174"},"modified":"2025-01-07T08:14:21","modified_gmt":"2025-01-07T08:14:21","slug":"single-organic-cachaca","status":"publish","type":"product","link":"https:\/\/tijuca.fr\/en\/product\/single-organic-cachaca\/","title":{"rendered":"Single Organic Cacha\u00e7a"},"content":{"rendered":"<h4><span class=\"font-heading block uppercase text-lg sm:text-xl mt-2 -mb-1\"><img loading=\"lazy\" decoding=\"async\" class=\"alignnone wp-image-87 aligncenter\" src=\"https:\/\/tijuca.fr\/wp-content\/uploads\/2024\/04\/robe-300x193.png\" alt=\"\" width=\"33\" height=\"21\" srcset=\"https:\/\/tijuca.fr\/wp-content\/uploads\/2024\/04\/robe-300x193.png 300w, https:\/\/tijuca.fr\/wp-content\/uploads\/2024\/04\/robe.png 342w\" sizes=\"auto, (max-width: 33px) 100vw, 33px\" \/><\/span><\/h4>\n<h4 style=\"text-align: center;\"><span class=\"font-heading block uppercase text-lg sm:text-xl mt-2 -mb-1\">ROBE<\/span><\/h4>\n<p style=\"text-align: center;\">Clear and crystalline. Almost colorless with some straw reflections.<\/p>\n<h4><img loading=\"lazy\" decoding=\"async\" class=\"wp-image-89 aligncenter\" src=\"https:\/\/tijuca.fr\/wp-content\/uploads\/2024\/04\/nez-218x300.png\" alt=\"\" width=\"26\" height=\"36\" srcset=\"https:\/\/tijuca.fr\/wp-content\/uploads\/2024\/04\/nez-218x300.png 218w, https:\/\/tijuca.fr\/wp-content\/uploads\/2024\/04\/nez.png 273w\" sizes=\"auto, (max-width: 26px) 100vw, 26px\" \/><\/h4>\n<h4 style=\"text-align: center;\"><span class=\"font-heading block uppercase text-lg sm:text-xl mt-2 -mb-1\">NOSE<\/span><\/h4>\n<p style=\"text-align: center;\">Fresh notes of citrus and sugar cane followed by sweeter scents of vanilla and licorice.<\/p>\n<h4><img loading=\"lazy\" decoding=\"async\" class=\"wp-image-90 aligncenter\" src=\"https:\/\/tijuca.fr\/wp-content\/uploads\/2024\/04\/bouche-300x188.png\" alt=\"\" width=\"47\" height=\"29\" srcset=\"https:\/\/tijuca.fr\/wp-content\/uploads\/2024\/04\/bouche-300x188.png 300w, https:\/\/tijuca.fr\/wp-content\/uploads\/2024\/04\/bouche-400x250.png 400w, https:\/\/tijuca.fr\/wp-content\/uploads\/2024\/04\/bouche.png 417w\" sizes=\"auto, (max-width: 47px) 100vw, 47px\" \/><\/h4>\n<h4 style=\"text-align: center;\"><span class=\"font-heading block uppercase text-lg sm:text-xl mt-2 -mb-1\">MOUTH<\/span><\/h4>\n<p style=\"text-align: center;\">Intense and persistent. Beautiful balance of spices and citrus fruits with a hint of bitter almond.<\/p>\n<h4><img loading=\"lazy\" decoding=\"async\" class=\"wp-image-88 aligncenter\" src=\"https:\/\/tijuca.fr\/wp-content\/uploads\/2024\/04\/degustation-266x300.png\" alt=\"\" width=\"53\" height=\"60\" srcset=\"https:\/\/tijuca.fr\/wp-content\/uploads\/2024\/04\/degustation-266x300.png 266w, https:\/\/tijuca.fr\/wp-content\/uploads\/2024\/04\/degustation.png 417w\" sizes=\"auto, (max-width: 53px) 100vw, 53px\" \/><\/h4>\n<h4 style=\"text-align: center;\"><span class=\"font-heading block uppercase text-lg sm:text-xl mt-2 -mb-1\">TASTING ADVICE<\/span><\/h4>\n<p style=\"text-align: center;\">Ideal in cocktails, it brings its authentic touch to the caipirinha and its multiple variations based on tropical fruits. Pure, it will delight the palate of true cacha\u00e7a lovers with its balance.<\/p>\n<p>&nbsp;<\/p>\n<p style=\"text-align: center;\"><a href='https:\/\/tijuca.fr\/en\/tijuca-single-organic-cachaca-nature-at-its-very-best\/' class='small-button smallsilver'>TIJUCA SINGLE ORGANIC CACHA\u00c7A: NATURE AT IT'S VERY BEST<\/a><\/p>","protected":false},"excerpt":{"rendered":"<p>ROBE Limpide et cristalline. Quasiment incolore avec quelques reflets paille. NEZ Notes fra\u00eeches d&rsquo;agrumes et de canne \u00e0 sucre suivies par des parfums plus suaves de vanille et de r\u00e9glisse. BOUCHE Intense et persistante. Bel \u00e9quilibre d&rsquo;\u00e9pices et d&rsquo;agrumes avec une pointe d&rsquo;amande am\u00e8re. CONSEIL D\u00c9GUSTATION Id\u00e9ale en cocktail, elle apporte sa touche authentique \u00e0 [&hellip;]<\/p>\n","protected":false},"featured_media":172,"comment_status":"open","ping_status":"closed","template":"","meta":{"_et_pb_use_builder":"","_et_pb_old_content":"","_et_gb_content_width":""},"product_brand":[],"product_cat":[19,18],"product_tag":[],"class_list":{"0":"post-174","1":"product","2":"type-product","3":"status-publish","4":"has-post-thumbnail","6":"product_cat-les-cachacas","7":"product_cat-les-produits","8":"product_shipping_class-livraison-de-1-a-2-bouteilles","10":"first","11":"instock","12":"shipping-taxable","13":"purchasable","14":"product-type-simple"},"_links":{"self":[{"href":"https:\/\/tijuca.fr\/en\/wp-json\/wp\/v2\/product\/174","targetHints":{"allow":["GET"]}}],"collection":[{"href":"https:\/\/tijuca.fr\/en\/wp-json\/wp\/v2\/product"}],"about":[{"href":"https:\/\/tijuca.fr\/en\/wp-json\/wp\/v2\/types\/product"}],"replies":[{"embeddable":true,"href":"https:\/\/tijuca.fr\/en\/wp-json\/wp\/v2\/comments?post=174"}],"wp:featuredmedia":[{"embeddable":true,"href":"https:\/\/tijuca.fr\/en\/wp-json\/wp\/v2\/media\/172"}],"wp:attachment":[{"href":"https:\/\/tijuca.fr\/en\/wp-json\/wp\/v2\/media?parent=174"}],"wp:term":[{"taxonomy":"product_brand","embeddable":true,"href":"https:\/\/tijuca.fr\/en\/wp-json\/wp\/v2\/product_brand?post=174"},{"taxonomy":"product_cat","embeddable":true,"href":"https:\/\/tijuca.fr\/en\/wp-json\/wp\/v2\/product_cat?post=174"},{"taxonomy":"product_tag","embeddable":true,"href":"https:\/\/tijuca.fr\/en\/wp-json\/wp\/v2\/product_tag?post=174"}],"curies":[{"name":"wp","href":"https:\/\/api.w.org\/{rel}","templated":true}]}}