{"id":178,"date":"2024-04-29T13:09:36","date_gmt":"2024-04-29T13:09:36","guid":{"rendered":"https:\/\/tijuca.fr\/?post_type=product&#038;p=178"},"modified":"2025-01-07T08:14:37","modified_gmt":"2025-01-07T08:14:37","slug":"tijuca-native-woods","status":"publish","type":"product","link":"https:\/\/tijuca.fr\/en\/product\/tijuca-native-woods\/","title":{"rendered":"Tijuca Native Woods"},"content":{"rendered":"<h4><span class=\"font-heading block uppercase text-lg sm:text-xl mt-2 -mb-1\"><img loading=\"lazy\" decoding=\"async\" class=\"alignnone wp-image-87 aligncenter\" src=\"https:\/\/tijuca.fr\/wp-content\/uploads\/2024\/04\/robe-300x193.png\" alt=\"\" width=\"33\" height=\"21\" srcset=\"https:\/\/tijuca.fr\/wp-content\/uploads\/2024\/04\/robe-300x193.png 300w, https:\/\/tijuca.fr\/wp-content\/uploads\/2024\/04\/robe.png 342w\" sizes=\"auto, (max-width: 33px) 100vw, 33px\" \/><\/span><\/h4>\n<h4 style=\"text-align: center;\"><span class=\"font-heading block uppercase text-lg sm:text-xl mt-2 -mb-1\">ROBE<\/span><\/h4>\n<p style=\"text-align: center;\">Clear, light yellow with golden highlights<\/p>\n<h4><img loading=\"lazy\" decoding=\"async\" class=\"wp-image-89 aligncenter\" src=\"https:\/\/tijuca.fr\/wp-content\/uploads\/2024\/04\/nez-218x300.png\" alt=\"\" width=\"26\" height=\"36\" srcset=\"https:\/\/tijuca.fr\/wp-content\/uploads\/2024\/04\/nez-218x300.png 218w, https:\/\/tijuca.fr\/wp-content\/uploads\/2024\/04\/nez.png 273w\" sizes=\"auto, (max-width: 26px) 100vw, 26px\" \/><\/h4>\n<h4 style=\"text-align: center;\"><span class=\"font-heading block uppercase text-lg sm:text-xl mt-2 -mb-1\">NOSE<\/span><\/h4>\n<p style=\"text-align: center;\">Round, vanilla and brioche after a few subtly aniseed notes<\/p>\n<h4><img loading=\"lazy\" decoding=\"async\" class=\"wp-image-90 aligncenter\" src=\"https:\/\/tijuca.fr\/wp-content\/uploads\/2024\/04\/bouche-300x188.png\" alt=\"\" width=\"47\" height=\"29\" srcset=\"https:\/\/tijuca.fr\/wp-content\/uploads\/2024\/04\/bouche-300x188.png 300w, https:\/\/tijuca.fr\/wp-content\/uploads\/2024\/04\/bouche-400x250.png 400w, https:\/\/tijuca.fr\/wp-content\/uploads\/2024\/04\/bouche.png 417w\" sizes=\"auto, (max-width: 47px) 100vw, 47px\" \/><\/h4>\n<h4 style=\"text-align: center;\"><span class=\"font-heading block uppercase text-lg sm:text-xl mt-2 -mb-1\">MOUTH<\/span><\/h4>\n<p style=\"text-align: center;\">Fresh attack, slightly spicy. Continues with supple and gourmet notes of vanilla, liquorice, star anise and vine peach.<\/p>\n<h4><img loading=\"lazy\" decoding=\"async\" class=\"wp-image-88 aligncenter\" src=\"https:\/\/tijuca.fr\/wp-content\/uploads\/2024\/04\/degustation-266x300.png\" alt=\"\" width=\"53\" height=\"60\" srcset=\"https:\/\/tijuca.fr\/wp-content\/uploads\/2024\/04\/degustation-266x300.png 266w, https:\/\/tijuca.fr\/wp-content\/uploads\/2024\/04\/degustation.png 417w\" sizes=\"auto, (max-width: 53px) 100vw, 53px\" \/><\/h4>\n<h4 style=\"text-align: center;\"><span class=\"font-heading block uppercase text-lg sm:text-xl mt-2 -mb-1\">TASTING ADVICE<\/span><\/h4>\n<p style=\"text-align: center;\">Ideal for pure tasting for lovers of dry rum, rich in natural aromas. Accompanies desserts and seafood.<\/p>\n<p>&nbsp;<\/p>\n<p style=\"text-align: center;\"><a href='https:\/\/tijuca.fr\/en\/tijuca-native-woods-rum-by-essence-brazilian-by-nature\/' class='small-button smallsilver'>TIJUCA NATIVE WOODS: RUM BY ESSENCE, BRAZILIAN BY NATURE<\/a><\/p>","protected":false},"excerpt":{"rendered":"<p>ROBE Limpide, jaune clair \u00e0 reflets dor\u00e9s NEZ Rond, vanill\u00e9 et brioch\u00e9 apr\u00e8s quelques notes subtilement anis\u00e9es BOUCHE Attaque fra\u00eeche, l\u00e9g\u00e8rement \u00e9pic\u00e9e. Se poursuit sur des notes souples et gourmandes de vanille, r\u00e9glisse, badiane et p\u00eache de vigne CONSEIL D\u00c9GUSTATION Id\u00e9al en d\u00e9gustation pure pour les amateurs de rhum sec, riche en ar\u00f4mes naturels. Accompagne [&hellip;]<\/p>\n","protected":false},"featured_media":171,"comment_status":"open","ping_status":"closed","template":"","meta":{"_et_pb_use_builder":"","_et_pb_old_content":"","_et_gb_content_width":""},"product_brand":[],"product_cat":[18,20],"product_tag":[],"class_list":{"0":"post-178","1":"product","2":"type-product","3":"status-publish","4":"has-post-thumbnail","6":"product_cat-les-produits","7":"product_cat-les-rhums","8":"product_shipping_class-livraison-de-1-a-2-bouteilles","10":"first","11":"instock","12":"shipping-taxable","13":"purchasable","14":"product-type-simple"},"_links":{"self":[{"href":"https:\/\/tijuca.fr\/en\/wp-json\/wp\/v2\/product\/178","targetHints":{"allow":["GET"]}}],"collection":[{"href":"https:\/\/tijuca.fr\/en\/wp-json\/wp\/v2\/product"}],"about":[{"href":"https:\/\/tijuca.fr\/en\/wp-json\/wp\/v2\/types\/product"}],"replies":[{"embeddable":true,"href":"https:\/\/tijuca.fr\/en\/wp-json\/wp\/v2\/comments?post=178"}],"wp:featuredmedia":[{"embeddable":true,"href":"https:\/\/tijuca.fr\/en\/wp-json\/wp\/v2\/media\/171"}],"wp:attachment":[{"href":"https:\/\/tijuca.fr\/en\/wp-json\/wp\/v2\/media?parent=178"}],"wp:term":[{"taxonomy":"product_brand","embeddable":true,"href":"https:\/\/tijuca.fr\/en\/wp-json\/wp\/v2\/product_brand?post=178"},{"taxonomy":"product_cat","embeddable":true,"href":"https:\/\/tijuca.fr\/en\/wp-json\/wp\/v2\/product_cat?post=178"},{"taxonomy":"product_tag","embeddable":true,"href":"https:\/\/tijuca.fr\/en\/wp-json\/wp\/v2\/product_tag?post=178"}],"curies":[{"name":"wp","href":"https:\/\/api.w.org\/{rel}","templated":true}]}}