{"id":182,"date":"2024-04-29T13:17:20","date_gmt":"2024-04-29T13:17:20","guid":{"rendered":"https:\/\/tijuca.fr\/?post_type=product&#038;p=182"},"modified":"2024-12-03T15:12:23","modified_gmt":"2024-12-03T15:12:23","slug":"capy","status":"publish","type":"product","link":"https:\/\/tijuca.fr\/en\/product\/capy\/","title":{"rendered":"CAPY"},"content":{"rendered":"<h4><span class=\"font-heading block uppercase text-lg sm:text-xl mt-2 -mb-1\"><img loading=\"lazy\" decoding=\"async\" class=\"alignnone wp-image-87 aligncenter\" src=\"https:\/\/tijuca.fr\/wp-content\/uploads\/2024\/04\/robe-300x193.png\" alt=\"\" width=\"33\" height=\"21\" srcset=\"https:\/\/tijuca.fr\/wp-content\/uploads\/2024\/04\/robe-300x193.png 300w, https:\/\/tijuca.fr\/wp-content\/uploads\/2024\/04\/robe.png 342w\" sizes=\"auto, (max-width: 33px) 100vw, 33px\" \/><\/span><\/h4>\n<h4 style=\"text-align: center;\"><span class=\"font-heading block uppercase text-lg sm:text-xl mt-2 -mb-1\">ROBE<\/span><\/h4>\n<p style=\"text-align: center;\">Clear and brilliant, its robe with copper highlights promises sunny cocktails.<\/p>\n<h4><img loading=\"lazy\" decoding=\"async\" class=\"wp-image-89 aligncenter\" src=\"https:\/\/tijuca.fr\/wp-content\/uploads\/2024\/04\/nez-218x300.png\" alt=\"\" width=\"26\" height=\"36\" srcset=\"https:\/\/tijuca.fr\/wp-content\/uploads\/2024\/04\/nez-218x300.png 218w, https:\/\/tijuca.fr\/wp-content\/uploads\/2024\/04\/nez.png 273w\" sizes=\"auto, (max-width: 26px) 100vw, 26px\" \/><\/h4>\n<h4 style=\"text-align: center;\"><span class=\"font-heading block uppercase text-lg sm:text-xl mt-2 -mb-1\">NOSE<\/span><\/h4>\n<p style=\"text-align: center;\">Its nose is fresh, dominated by initial fruity notes, with hints of pits, followed by a slightly spicy hint.<\/p>\n<h4><img loading=\"lazy\" decoding=\"async\" class=\"wp-image-90 aligncenter\" src=\"https:\/\/tijuca.fr\/wp-content\/uploads\/2024\/04\/bouche-300x188.png\" alt=\"\" width=\"47\" height=\"29\" srcset=\"https:\/\/tijuca.fr\/wp-content\/uploads\/2024\/04\/bouche-300x188.png 300w, https:\/\/tijuca.fr\/wp-content\/uploads\/2024\/04\/bouche-400x250.png 400w, https:\/\/tijuca.fr\/wp-content\/uploads\/2024\/04\/bouche.png 417w\" sizes=\"auto, (max-width: 47px) 100vw, 47px\" \/><\/h4>\n<h4 style=\"text-align: center;\"><span class=\"font-heading block uppercase text-lg sm:text-xl mt-2 -mb-1\">MOUTH<\/span><\/h4>\n<p style=\"text-align: center;\">Soft and gourmet notes which delicately envelop the palate with a fruity flavor and continue for a beautiful length with a more honeyed, subtly smoky tone.<\/p>\n<h4><img loading=\"lazy\" decoding=\"async\" class=\"wp-image-88 aligncenter\" src=\"https:\/\/tijuca.fr\/wp-content\/uploads\/2024\/04\/degustation-266x300.png\" alt=\"\" width=\"53\" height=\"60\" srcset=\"https:\/\/tijuca.fr\/wp-content\/uploads\/2024\/04\/degustation-266x300.png 266w, https:\/\/tijuca.fr\/wp-content\/uploads\/2024\/04\/degustation.png 417w\" sizes=\"auto, (max-width: 53px) 100vw, 53px\" \/><\/h4>\n<h4 style=\"text-align: center;\"><span class=\"font-heading block uppercase text-lg sm:text-xl mt-2 -mb-1\">TASTING ADVICE<\/span><\/h4>\n<p style=\"text-align: center;\">To share a gourmet moment in a friendly atmosphere, CAPY can be enjoyed pure or preferably in a cocktail, with crushed ice.<\/p>\n<p>&nbsp;<\/p>\n<p style=\"text-align: center;\"><a href='https:\/\/tijuca.fr\/en\/capy-a-cachaca-from-still\/' class='small-button smallsilver'>CAPY : UNE CACHA\u00c7A D&rsquo;ALAMBIC<\/a><\/p>","protected":false},"excerpt":{"rendered":"<p>ROBE Limpide et brillante, sa robe aux reflets cuivr\u00e9s promet des cocktails ensoleill\u00e9s. NEZ Son nez est frais, domin\u00e9 par de premi\u00e8res notes fruit\u00e9es, aux accents de noyaux, suivies d\u2019une pointe l\u00e9g\u00e8rement \u00e9pic\u00e9e. BOUCHE Notes souples et gourmandes qui enveloppent d\u00e9licatement le palais d\u2019une saveur fruit\u00e9e et se poursuivent sur une belle longueur par un [&hellip;]<\/p>\n","protected":false},"featured_media":170,"comment_status":"open","ping_status":"closed","template":"","meta":{"_et_pb_use_builder":"","_et_pb_old_content":"","_et_gb_content_width":""},"product_brand":[],"product_cat":[19,18],"product_tag":[],"class_list":{"0":"post-182","1":"product","2":"type-product","3":"status-publish","4":"has-post-thumbnail","6":"product_cat-les-cachacas","7":"product_cat-les-produits","8":"product_shipping_class-livraison-de-1-a-2-bouteilles","10":"first","11":"instock","12":"shipping-taxable","13":"purchasable","14":"product-type-simple"},"_links":{"self":[{"href":"https:\/\/tijuca.fr\/en\/wp-json\/wp\/v2\/product\/182","targetHints":{"allow":["GET"]}}],"collection":[{"href":"https:\/\/tijuca.fr\/en\/wp-json\/wp\/v2\/product"}],"about":[{"href":"https:\/\/tijuca.fr\/en\/wp-json\/wp\/v2\/types\/product"}],"replies":[{"embeddable":true,"href":"https:\/\/tijuca.fr\/en\/wp-json\/wp\/v2\/comments?post=182"}],"wp:featuredmedia":[{"embeddable":true,"href":"https:\/\/tijuca.fr\/en\/wp-json\/wp\/v2\/media\/170"}],"wp:attachment":[{"href":"https:\/\/tijuca.fr\/en\/wp-json\/wp\/v2\/media?parent=182"}],"wp:term":[{"taxonomy":"product_brand","embeddable":true,"href":"https:\/\/tijuca.fr\/en\/wp-json\/wp\/v2\/product_brand?post=182"},{"taxonomy":"product_cat","embeddable":true,"href":"https:\/\/tijuca.fr\/en\/wp-json\/wp\/v2\/product_cat?post=182"},{"taxonomy":"product_tag","embeddable":true,"href":"https:\/\/tijuca.fr\/en\/wp-json\/wp\/v2\/product_tag?post=182"}],"curies":[{"name":"wp","href":"https:\/\/api.w.org\/{rel}","templated":true}]}}