{"id":80,"date":"2024-04-26T12:23:13","date_gmt":"2024-04-26T12:23:13","guid":{"rendered":"https:\/\/tijuca.fr\/?post_type=product&#038;p=80"},"modified":"2025-01-07T08:13:55","modified_gmt":"2025-01-07T08:13:55","slug":"brazilian-blended-rum","status":"publish","type":"product","link":"https:\/\/tijuca.fr\/en\/product\/brazilian-blended-rum\/","title":{"rendered":"Brazilian Blended Rum"},"content":{"rendered":"<p>[et_pb_section fb_built=\u00a0\u00bb1&Prime; _builder_version=\u00a0\u00bb4.16&Prime; custom_padding=\u00a0\u00bb0px||||false|false\u00a0\u00bb global_colors_info=\u00a0\u00bb{}\u00a0\u00bb][et_pb_row _builder_version=\u00a0\u00bb4.16&Prime; background_size=\u00a0\u00bbinitial\u00a0\u00bb background_position=\u00a0\u00bbtop_left\u00a0\u00bb background_repeat=\u00a0\u00bbrepeat\u00a0\u00bb width=\u00a0\u00bb100%\u00a0\u00bb custom_padding=\u00a0\u00bb0px||0px||false|false\u00a0\u00bb hover_enabled=\u00a0\u00bb0&Prime; global_colors_info=\u00a0\u00bb{}\u00a0\u00bb sticky_enabled=\u00a0\u00bb0&Prime;][et_pb_column type=\u00a0\u00bb4_4&Prime; _builder_version=\u00a0\u00bb4.16&Prime; custom_padding=\u00a0\u00bb|||\u00a0\u00bb global_colors_info=\u00a0\u00bb{}\u00a0\u00bb custom_padding__hover=\u00a0\u00bb|||\u00a0\u00bb][et_pb_wc_breadcrumb _builder_version=\u00a0\u00bb4.16&Prime; global_colors_info=\u00a0\u00bb{}\u00a0\u00bb][\/et_pb_wc_breadcrumb][et_pb_wc_cart_notice _builder_version=\u00a0\u00bb4.16&Prime; global_colors_info=\u00a0\u00bb{}\u00a0\u00bb][\/et_pb_wc_cart_notice][\/et_pb_column][\/et_pb_row][et_pb_row _builder_version=\u00a0\u00bb4.16&Prime; background_size=\u00a0\u00bbinitial\u00a0\u00bb background_position=\u00a0\u00bbtop_left\u00a0\u00bb background_repeat=\u00a0\u00bbrepeat\u00a0\u00bb width=\u00a0\u00bb100%\u00a0\u00bb custom_padding=\u00a0\u00bb0px||||false|false\u00a0\u00bb global_colors_info=\u00a0\u00bb{}\u00a0\u00bb column_structure=\u00a0\u00bb1_2,1_2&Prime;][et_pb_column type=\u00a0\u00bb1_2&Prime; _builder_version=\u00a0\u00bb4.16&Prime; custom_padding=\u00a0\u00bb|||\u00a0\u00bb global_colors_info=\u00a0\u00bb{}\u00a0\u00bb custom_padding__hover=\u00a0\u00bb|||\u00a0\u00bb][et_pb_wc_images _builder_version=\u00a0\u00bb4.16&Prime; global_colors_info=\u00a0\u00bb{}\u00a0\u00bb][\/et_pb_wc_images][\/et_pb_column][et_pb_column type=\u00a0\u00bb1_2&Prime; _builder_version=\u00a0\u00bb4.16&Prime; custom_padding=\u00a0\u00bb|||\u00a0\u00bb global_colors_info=\u00a0\u00bb{}\u00a0\u00bb custom_padding__hover=\u00a0\u00bb|||\u00a0\u00bb][et_pb_wc_title _builder_version=\u00a0\u00bb4.16&Prime; global_colors_info=\u00a0\u00bb{}\u00a0\u00bb][\/et_pb_wc_title][et_pb_wc_rating _builder_version=\u00a0\u00bb4.16&Prime; global_colors_info=\u00a0\u00bb{}\u00a0\u00bb][\/et_pb_wc_rating][et_pb_wc_price _builder_version=\u00a0\u00bb4.16&Prime; global_colors_info=\u00a0\u00bb{}\u00a0\u00bb][\/et_pb_wc_price][et_pb_wc_description _builder_version=\u00a0\u00bb4.16&Prime; global_colors_info=\u00a0\u00bb{}\u00a0\u00bb][\/et_pb_wc_description][et_pb_wc_add_to_cart _builder_version=\u00a0\u00bb4.16&Prime; global_colors_info=\u00a0\u00bb{}\u00a0\u00bb][\/et_pb_wc_add_to_cart][et_pb_wc_meta _builder_version=\u00a0\u00bb4.16&Prime; global_colors_info=\u00a0\u00bb{}\u00a0\u00bb][\/et_pb_wc_meta][\/et_pb_column][\/et_pb_row][et_pb_row _builder_version=\u00a0\u00bb4.16&Prime; background_size=\u00a0\u00bbinitial\u00a0\u00bb background_position=\u00a0\u00bbtop_left\u00a0\u00bb background_repeat=\u00a0\u00bbrepeat\u00a0\u00bb width=\u00a0\u00bb100%\u00a0\u00bb global_colors_info=\u00a0\u00bb{}\u00a0\u00bb][et_pb_column type=\u00a0\u00bb4_4&Prime; _builder_version=\u00a0\u00bb4.16&Prime; custom_padding=\u00a0\u00bb|||\u00a0\u00bb global_colors_info=\u00a0\u00bb{}\u00a0\u00bb custom_padding__hover=\u00a0\u00bb|||\u00a0\u00bb][et_pb_wc_tabs _builder_version=\u00a0\u00bb4.16&Prime; global_colors_info=\u00a0\u00bb{}\u00a0\u00bb]\t\t\t\t\t[\/et_pb_wc_tabs][et_pb_wc_upsells _builder_version=\u00a0\u00bb4.16&Prime; global_colors_info=\u00a0\u00bb{}\u00a0\u00bb][\/et_pb_wc_upsells][et_pb_wc_related_products _builder_version=\u00a0\u00bb4.16&Prime; global_colors_info=\u00a0\u00bb{}\u00a0\u00bb][\/et_pb_wc_related_products][\/et_pb_column][\/et_pb_row][\/et_pb_section]<\/p>\n","protected":false},"excerpt":{"rendered":"","protected":false},"featured_media":173,"comment_status":"open","ping_status":"closed","template":"","meta":{"_et_pb_use_builder":"on","_et_pb_old_content":"<h4><span class=\"font-heading block uppercase text-lg sm:text-xl mt-2 -mb-1\"><img class=\"alignnone wp-image-87 aligncenter\" src=\"https:\/\/tijuca.fr\/wp-content\/uploads\/2024\/04\/robe-300x193.png\" alt=\"\" width=\"33\" height=\"21\" \/><\/span><\/h4>\r\n<h4 style=\"text-align: center\"><span class=\"font-heading block uppercase text-lg sm:text-xl mt-2 -mb-1\">ROBE<\/span><\/h4>\r\n<p style=\"text-align: center\">De couleur cuivr\u00e9e avec des reflets dor\u00e9s, robe limpide et brillante.<\/p>\r\n\r\n<h4><img class=\"wp-image-89 aligncenter\" src=\"https:\/\/tijuca.fr\/wp-content\/uploads\/2024\/04\/nez-218x300.png\" alt=\"\" width=\"26\" height=\"36\" \/><\/h4>\r\n<h4 style=\"text-align: center\"><span class=\"font-heading block uppercase text-lg sm:text-xl mt-2 -mb-1\">NEZ<\/span><\/h4>\r\n<p style=\"text-align: center\">Des premi\u00e8res notes bois\u00e9es et \u00e9pic\u00e9es (cannelle et clou de girofle), suivies par des parfums sucr\u00e9s et suaves, m\u00e9lange de vanille, poivre et miel. En second nez se d\u00e9voilent des ar\u00f4mes de cake aux fruits confits l\u00e9g\u00e8rement chauff\u00e9.<\/p>\r\n\r\n<h4><img class=\"wp-image-90 aligncenter\" src=\"https:\/\/tijuca.fr\/wp-content\/uploads\/2024\/04\/bouche-300x188.png\" alt=\"\" width=\"47\" height=\"29\" \/><\/h4>\r\n<h4 style=\"text-align: center\"><span class=\"font-heading block uppercase text-lg sm:text-xl mt-2 -mb-1\">BOUCHE<\/span><\/h4>\r\n<p style=\"text-align: center\">Notes souples, amples et \u00e9pic\u00e9es (cannelle, pointe piment\u00e9e et vanille). Ce rhum g\u00e9n\u00e9reux empl\u00eet le palais par sa longueur et son \u00e9quilibre. Son final de noix de coco et miel invite au voyage.<\/p>\r\n\r\n<h4><img class=\"wp-image-88 aligncenter\" src=\"https:\/\/tijuca.fr\/wp-content\/uploads\/2024\/04\/degustation-266x300.png\" alt=\"\" width=\"53\" height=\"60\" \/><\/h4>\r\n<h4 style=\"text-align: center\"><span class=\"font-heading block uppercase text-lg sm:text-xl mt-2 -mb-1\">CONSEIL D\u00c9GUSTATION<\/span><\/h4>\r\n<p style=\"text-align: center\">Parfait pour la d\u00e9gustation, le rhum TIJUCA se pr\u00eate volontiers \u00e0 la confection de cocktails raffin\u00e9s. Utilisez le aussi pour confectionner une ca\u00efpirinha, icone de la mixologie br\u00e9silienne ou un ti'punch. Vous serez surpris du r\u00e9sultat !<\/p>\r\n&nbsp;\r\n<p style=\"text-align: center\">[button link=\"https:\/\/tijuca.fr\/tijuca-brazilian-blended-rum-le-rhum-eleve-dans-les-bois-de-rio\/\" color=\"silver\"] TIJUCA BRAZILIAN BLENDED RUM : LE RHUM \u00c9LEV\u00c9 DANS LES BOIS DE RIO[\/button]<\/p>","_et_gb_content_width":""},"product_brand":[],"product_cat":[18,20],"product_tag":[],"class_list":{"0":"post-80","1":"product","2":"type-product","3":"status-publish","4":"has-post-thumbnail","6":"product_cat-les-produits","7":"product_cat-les-rhums","8":"product_shipping_class-livraison-de-1-a-2-bouteilles","10":"first","11":"instock","12":"shipping-taxable","13":"purchasable","14":"product-type-simple"},"_links":{"self":[{"href":"https:\/\/tijuca.fr\/en\/wp-json\/wp\/v2\/product\/80","targetHints":{"allow":["GET"]}}],"collection":[{"href":"https:\/\/tijuca.fr\/en\/wp-json\/wp\/v2\/product"}],"about":[{"href":"https:\/\/tijuca.fr\/en\/wp-json\/wp\/v2\/types\/product"}],"replies":[{"embeddable":true,"href":"https:\/\/tijuca.fr\/en\/wp-json\/wp\/v2\/comments?post=80"}],"wp:featuredmedia":[{"embeddable":true,"href":"https:\/\/tijuca.fr\/en\/wp-json\/wp\/v2\/media\/173"}],"wp:attachment":[{"href":"https:\/\/tijuca.fr\/en\/wp-json\/wp\/v2\/media?parent=80"}],"wp:term":[{"taxonomy":"product_brand","embeddable":true,"href":"https:\/\/tijuca.fr\/en\/wp-json\/wp\/v2\/product_brand?post=80"},{"taxonomy":"product_cat","embeddable":true,"href":"https:\/\/tijuca.fr\/en\/wp-json\/wp\/v2\/product_cat?post=80"},{"taxonomy":"product_tag","embeddable":true,"href":"https:\/\/tijuca.fr\/en\/wp-json\/wp\/v2\/product_tag?post=80"}],"curies":[{"name":"wp","href":"https:\/\/api.w.org\/{rel}","templated":true}]}}